{"id":6305,"date":"2023-10-17T10:40:32","date_gmt":"2023-10-17T07:40:32","guid":{"rendered":"https:\/\/deniz.bosphorusboatshow.com\/?page_id=6305"},"modified":"2023-10-17T13:04:04","modified_gmt":"2023-10-17T10:04:04","slug":"kvkk-application-and-information-request-form","status":"publish","type":"page","link":"https:\/\/deniz.bosphorusboatshow.com\/en\/kvkk-application-and-information-request-form\/","title":{"rendered":"KVKK Application and Information Request Form"},"content":{"rendered":"\t\t<div data-elementor-type=\"wp-post\" data-elementor-id=\"6305\" class=\"elementor elementor-6305 elementor-6304\" data-elementor-post-type=\"page\">\n\t\t\t\t\t\t<section data-particle_enable=\"false\" data-particle-mobile-disabled=\"false\" class=\"elementor-section elementor-top-section elementor-element elementor-element-d492d2c elementor-section-boxed elementor-section-height-default elementor-section-height-default sc_fly_static\" data-id=\"d492d2c\" data-element_type=\"section\" data-e-type=\"section\">\n\t\t\t\t\t\t<div class=\"elementor-container elementor-column-gap-extended\">\n\t\t\t\t\t<div class=\"elementor-column elementor-col-100 elementor-top-column elementor-element elementor-element-f938dca sc_inner_width_none sc_content_align_inherit sc_layouts_column_icons_position_left sc_fly_static\" data-id=\"f938dca\" data-element_type=\"column\" data-e-type=\"column\">\n\t\t\t<div class=\"elementor-widget-wrap elementor-element-populated\">\n\t\t\t\t\t\t<div class=\"elementor-element elementor-element-c388788 sc_height_large sc_fly_static elementor-widget elementor-widget-spacer\" data-id=\"c388788\" data-element_type=\"widget\" data-e-type=\"widget\" data-widget_type=\"spacer.default\">\n\t\t\t\t<div class=\"elementor-widget-container\">\n\t\t\t\t\t\t\t<div class=\"elementor-spacer\">\n\t\t\t<div class=\"elementor-spacer-inner\"><\/div>\n\t\t<\/div>\n\t\t\t\t\t\t<\/div>\n\t\t\t\t<\/div>\n\t\t\t\t\t<\/div>\n\t\t<\/div>\n\t\t\t\t\t<\/div>\n\t\t<\/section>\n\t\t\t\t<section data-particle_enable=\"false\" data-particle-mobile-disabled=\"false\" class=\"elementor-section elementor-top-section elementor-element elementor-element-f7d7f45 elementor-section-boxed elementor-section-height-default elementor-section-height-default sc_fly_static\" data-id=\"f7d7f45\" data-element_type=\"section\" data-e-type=\"section\">\n\t\t\t\t\t\t<div class=\"elementor-container elementor-column-gap-extended\">\n\t\t\t\t\t<div class=\"elementor-column elementor-col-100 elementor-top-column elementor-element elementor-element-af733f5 sc_inner_width_none sc_content_align_inherit sc_layouts_column_icons_position_left sc_fly_static\" data-id=\"af733f5\" data-element_type=\"column\" data-e-type=\"column\">\n\t\t\t<div class=\"elementor-widget-wrap elementor-element-populated\">\n\t\t\t\t\t\t<div class=\"elementor-element elementor-element-ebe8f0b sc_fly_static elementor-widget elementor-widget-heading\" data-id=\"ebe8f0b\" data-element_type=\"widget\" data-e-type=\"widget\" data-widget_type=\"heading.default\">\n\t\t\t\t<div class=\"elementor-widget-container\">\n\t\t\t\t\t<h4 class=\"elementor-heading-title elementor-size-default\">KVKK Ba\u015fvuru ve Bilgi Talep Formu<\/h4>\t\t\t\t<\/div>\n\t\t\t\t<\/div>\n\t\t\t\t<div class=\"elementor-element elementor-element-8ab3a8b elementor-widget-divider--view-line sc_fly_static elementor-widget elementor-widget-divider\" data-id=\"8ab3a8b\" data-element_type=\"widget\" data-e-type=\"widget\" data-widget_type=\"divider.default\">\n\t\t\t\t<div class=\"elementor-widget-container\">\n\t\t\t\t\t\t\t<div class=\"elementor-divider\">\n\t\t\t<span class=\"elementor-divider-separator\">\n\t\t\t\t\t\t<\/span>\n\t\t<\/div>\n\t\t\t\t\t\t<\/div>\n\t\t\t\t<\/div>\n\t\t\t\t<div class=\"elementor-element elementor-element-40f7823 sc_fly_static elementor-widget elementor-widget-trx_sc_button\" data-id=\"40f7823\" data-element_type=\"widget\" data-e-type=\"widget\" data-widget_type=\"trx_sc_button.default\">\n\t\t\t\t<div class=\"elementor-widget-container\">\n\t\t\t\t\t<div\tclass=\"sc_item_button sc_button_wrap\"><a href=\"http:\/\/deniz.bosphorusboatshow.com\/wp-content\/uploads\/sites\/3\/2023\/10\/BBS-KVKK-Basvuru-Formu.docx\" class=\"sc_button sc_button_default sc_button_size_small sc_button_icon_left\"><span class=\"sc_button_text\"><span class=\"sc_button_title\">Download the Application Form<\/span><\/span><\/a><\/div>\t\t\t\t<\/div>\n\t\t\t\t<\/div>\n\t\t\t\t<div class=\"elementor-element elementor-element-d81f1aa sc_fly_static elementor-widget elementor-widget-spacer\" data-id=\"d81f1aa\" data-element_type=\"widget\" data-e-type=\"widget\" data-widget_type=\"spacer.default\">\n\t\t\t\t<div class=\"elementor-widget-container\">\n\t\t\t\t\t\t\t<div class=\"elementor-spacer\">\n\t\t\t<div class=\"elementor-spacer-inner\"><\/div>\n\t\t<\/div>\n\t\t\t\t\t\t<\/div>\n\t\t\t\t<\/div>\n\t\t\t\t\t<\/div>\n\t\t<\/div>\n\t\t\t\t\t<\/div>\n\t\t<\/section>\n\t\t\t\t<section data-particle_enable=\"false\" data-particle-mobile-disabled=\"false\" class=\"elementor-section elementor-top-section elementor-element elementor-element-352e76b elementor-section-boxed elementor-section-height-default elementor-section-height-default sc_fly_static\" data-id=\"352e76b\" data-element_type=\"section\" data-e-type=\"section\">\n\t\t\t\t\t\t<div class=\"elementor-container elementor-column-gap-extended\">\n\t\t\t\t\t<div class=\"elementor-column elementor-col-100 elementor-top-column elementor-element elementor-element-756c4a4 sc_inner_width_none sc_content_align_inherit sc_layouts_column_icons_position_left sc_fly_static\" data-id=\"756c4a4\" data-element_type=\"column\" data-e-type=\"column\">\n\t\t\t<div class=\"elementor-widget-wrap elementor-element-populated\">\n\t\t\t\t\t\t<div class=\"elementor-element elementor-element-db27336 sc_fly_static elementor-widget elementor-widget-heading\" data-id=\"db27336\" data-element_type=\"widget\" data-e-type=\"widget\" data-widget_type=\"heading.default\">\n\t\t\t\t<div class=\"elementor-widget-container\">\n\t\t\t\t\t<h6 class=\"elementor-heading-title elementor-size-default\">Genel A\u00e7\u0131klamalar<\/h6>\t\t\t\t<\/div>\n\t\t\t\t<\/div>\n\t\t\t\t<div class=\"elementor-element elementor-element-8269a74 elementor-widget-divider--view-line sc_fly_static elementor-widget elementor-widget-divider\" data-id=\"8269a74\" data-element_type=\"widget\" data-e-type=\"widget\" data-widget_type=\"divider.default\">\n\t\t\t\t<div class=\"elementor-widget-container\">\n\t\t\t\t\t\t\t<div class=\"elementor-divider\">\n\t\t\t<span class=\"elementor-divider-separator\">\n\t\t\t\t\t\t<\/span>\n\t\t<\/div>\n\t\t\t\t\t\t<\/div>\n\t\t\t\t<\/div>\n\t\t\t\t\t<\/div>\n\t\t<\/div>\n\t\t\t\t\t<\/div>\n\t\t<\/section>\n\t\t\t\t<section data-particle_enable=\"false\" data-particle-mobile-disabled=\"false\" class=\"elementor-section elementor-top-section elementor-element elementor-element-c99bb51 elementor-section-boxed elementor-section-height-default elementor-section-height-default sc_fly_static\" data-id=\"c99bb51\" data-element_type=\"section\" data-e-type=\"section\">\n\t\t\t\t\t\t<div class=\"elementor-container elementor-column-gap-extended\">\n\t\t\t\t\t<div class=\"elementor-column elementor-col-100 elementor-top-column elementor-element elementor-element-d31c537 sc_inner_width_none sc_content_align_inherit sc_layouts_column_icons_position_left sc_fly_static\" data-id=\"d31c537\" data-element_type=\"column\" data-e-type=\"column\">\n\t\t\t<div class=\"elementor-widget-wrap elementor-element-populated\">\n\t\t\t\t\t\t<div class=\"elementor-element elementor-element-778263e sc_fly_static elementor-widget elementor-widget-text-editor\" data-id=\"778263e\" data-element_type=\"widget\" data-e-type=\"widget\" data-widget_type=\"text-editor.default\">\n\t\t\t\t<div class=\"elementor-widget-container\">\n\t\t\t\t\t\t\t\t\t<p>6698 Say\u0131l\u0131 Ki\u015fisel Verilerin Korunmas\u0131 Kanunu\u2019nda (\u201cKVK Kanunu\u201d) ilgili ki\u015fi olarak tan\u0131mlanan ki\u015fisel veri sahiplerine (Bundan b\u00f6yle \u201cBa\u015fvuru Sahibi\u201d olarak an\u0131lacakt\u0131r.) KVK Kanunu\u2019nun 11. maddesinde ki\u015fisel verilerinin i\u015flenmesine ili\u015fkin belirli taleplerde bulunma hakk\u0131 tan\u0131nm\u0131\u015ft\u0131r.<\/p><p>KVKK Kanunu\u2019nun 13\/I. maddesi uyar\u0131nca veri sorumlusu olan \u015eirketimize bu haklara ili\u015fkin olarak yap\u0131lacak ba\u015fvurular\u0131n yaz\u0131l\u0131 olarak veya Ki\u015fisel Verilerin Korunmas\u0131 Kurulu (\u2018\u2018Kurul\u2019\u2019) taraf\u0131ndan belirlenen di\u011fer y\u00f6ntemlerle taraf\u0131m\u0131za iletilmesi gerekmektedir.<\/p><p>Hakk\u0131n\u0131zda tuttu\u011fumuz ki\u015fisel verilerin do\u011fru ve g\u00fcncel olmas\u0131 \u00f6nemlidir. Bu nedenle ki\u015fisel verilerinizde bir de\u011fi\u015fiklik meydana geldi\u011finde l\u00fctfen bize bildiriniz. KVK Kanunu ve ilgili mevzuat uyar\u0131nca kendinizle ilgili;<\/p><p>&#8211; Ki\u015fisel veri i\u015flenip i\u015flenmedi\u011fini \u00f6\u011frenebilir,<\/p><p>&#8211; Toplad\u0131\u011f\u0131m\u0131z bilgilere ili\u015fkin ayr\u0131nt\u0131lar\u0131 talep edebilir,<\/p><p>&#8211; Bu bilgilerin ne ama\u00e7la topland\u0131\u011f\u0131n\u0131 ve ne \u015fekilde kullan\u0131ld\u0131\u011f\u0131n\u0131, yurt i\u00e7inde veya yurt d\u0131\u015f\u0131nda ki\u015fisel verilerin aktar\u0131ld\u0131\u011f\u0131 \u00fc\u00e7\u00fcnc\u00fc ki\u015fileri \u00f6\u011frenebilir veya<\/p><p>&#8211; Eksik veya yanl\u0131\u015f i\u015flenmi\u015f olmas\u0131 h\u00e2linde bunlar\u0131n d\u00fczeltilmesini, g\u00fcncellenmesini veya bunlar\u0131n i\u015flenmesini gerektiren sebepler ortadan kalkt\u0131ysa silinmesini aktar\u0131m yap\u0131lan \u00fc\u00e7\u00fcnc\u00fc ki\u015filere yap\u0131lacak bildirimleri de kapsayacak \u015fekilde isteyebilirsiniz.<\/p><p>Bu \u00e7er\u00e7evede \u201cyaz\u0131l\u0131\u201d olarak \u015eirketimize yap\u0131lacak ba\u015fvurular, i\u015fbu formun \u00e7\u0131kt\u0131s\u0131 al\u0131narak ve zarf\u0131n \u00fczerine veya konuya \u201cKi\u015fisel Verilerin Korunmas\u0131 Kanunu Bilgi Talebi\u201d yaz\u0131larak.;<\/p><ul><li>Ba\u015fvuru sahibinin \u015fahsen ba\u015fvurusu ile,<\/li><li>Noter veya iadeli taahh\u00fctl\u00fc posta vas\u0131tas\u0131yla,<\/li><li>\u015eirketimiz elektronik posta adresine (<a href=\"mailto:info@bosphorusboatshow.com\">info@bosphorusboatshow.com<\/a>) g\u00f6nderilmek suretiyle taraf\u0131m\u0131za iletilebilecektir.<\/li><\/ul><p>\u0130leti\u015fim:<\/p><p><strong>YATED Fuarc\u0131l\u0131k A.\u015e.<\/strong><\/p><p>Marinturk \u0130stanbul City Port 1. Kat D Blok D:5 34890<\/p><p>Pendik\/\u0130stanbul\/ T\u00fcrkiye<\/p><p>info@bosphorusboatshow.com<\/p><p>\u00a0<\/p><ol><li><strong>BA\u015eVURU SAH\u0130B\u0130NE \u0130L\u0130\u015eK\u0130N B\u0130LG\u0130LER<\/strong><\/li><\/ol><p>A\u015fa\u011f\u0131daki bilgileri eksiksiz doldurunuz:<\/p><table><tbody><tr><td width=\"168\">Ad\u0131 Soyad\u0131<\/td><td width=\"19\">:<\/td><td colspan=\"4\" width=\"432\">\u00a0<\/td><\/tr><tr><td width=\"168\">T.C. Kimlik Numaras\u0131<\/td><td width=\"19\">:<\/td><td colspan=\"4\" width=\"432\">\u00a0<\/td><\/tr><tr><td width=\"168\">Adres<\/td><td width=\"19\">:<\/td><td colspan=\"4\" width=\"432\">\u00a0<\/td><\/tr><tr><td width=\"168\">Cep Telefonu<\/td><td width=\"19\">:<\/td><td colspan=\"4\" width=\"432\">\u00a0<\/td><\/tr><tr><td width=\"168\">E-Posta Adresi<\/td><td width=\"19\">:<\/td><td colspan=\"4\" width=\"432\">\u00a0<\/td><\/tr><tr><td width=\"168\">\u015eirketimizle Olan \u0130li\u015fkiniz<\/td><td width=\"19\">:<\/td><td width=\"108\">\u00a0Ziyaret\u00e7i<\/td><td width=\"108\">\u00a0M\u00fc\u015fteri<\/td><td width=\"108\">\u00a0\u00c7al\u0131\u015fan<\/td><td width=\"108\">\u00a0Di\u011fer<\/td><\/tr><tr><td width=\"168\">\u015eirketimizle Olan \u0130li\u015fkiniz Sona Erdi mi?<\/td><td width=\"19\">:<\/td><td colspan=\"4\" width=\"432\">\u00a0<\/td><\/tr><tr><td width=\"168\">\u00a0<\/td><td width=\"19\">\u00a0<\/td><td colspan=\"4\" width=\"432\">\u00a0<\/td><\/tr><\/tbody><\/table><p>\u00a0<\/p><ul><li><strong>BA\u015eVURU SAH\u0130B\u0130N\u0130N<br \/>TALEPLER\u0130<br \/><\/strong><\/li><\/ul><p>\u00a0<\/p><p>KVK Kanunu\u2019nun 11. maddesine g\u00f6re veri sorumlusu olan \u015eirketimizden talep edebilece\u011finiz haklar belirtilmektedir. Taraf\u0131m\u0131za iletilmi\u015f olan ba\u015fvurular\u0131n\u0131z talep etti\u011finiz haklara g\u00f6re \u015firketimiz i\u00e7erisinde de\u011ferlendirilerek KVK Kanunu\u2019nun 13\/2. maddesi gere\u011fince, talebin niteli\u011fine g\u00f6re talebinizin bizlere ula\u015ft\u0131\u011f\u0131 tarihten itibaren en k\u0131sa s\u00fcrede ve en ge\u00e7 30 (Otuz) g\u00fcn i\u00e7inde yan\u0131tland\u0131r\u0131lacakt\u0131r. Kanunun 13\/3. maddesi uyar\u0131nca cevab\u0131m\u0131z yaz\u0131l\u0131 veya elektronik ortamdan taraf\u0131n\u0131za iletilecektir.<\/p><p>Ki\u015fisel Verilerin Korunmas\u0131 Kanunu kapsam\u0131nda talebinizi detayl\u0131 olarak a\u015fa\u011f\u0131da belirtiniz:<\/p><p>\u2026\u2026\u2026\u2026\u2026\u2026\u2026\u2026\u2026\u2026\u2026\u2026\u2026\u2026\u2026\u2026\u2026\u2026\u2026\u2026\u2026\u2026\u2026\u2026\u2026\u2026\u2026\u2026\u2026\u2026\u2026\u2026\u2026\u2026\u2026\u2026\u2026\u2026\u2026\u2026\u2026\u2026\u2026\u2026\u2026\u2026\u2026\u2026\u2026\u2026\u2026\u2026\u2026\u2026\u2026\u2026\u2026\u2026\u2026\u2026\u2026\u2026\u2026\u2026\u2026\u2026\u2026\u2026\u2026\u2026\u2026\u2026\u2026&#8230;\u2026\u2026\u2026\u2026\u2026\u2026\u2026\u2026\u2026\u2026\u2026\u2026\u2026\u2026\u2026\u2026\u2026\u2026\u2026\u2026\u2026\u2026\u2026\u2026\u2026\u2026\u2026\u2026\u2026\u2026\u2026\u2026\u2026\u2026\u2026\u2026\u2026\u2026\u2026\u2026\u2026\u2026\u2026\u2026\u2026\u2026\u2026\u2026\u2026\u2026\u2026\u2026\u2026\u2026\u2026\u2026\u2026\u2026\u2026\u2026\u2026\u2026\u2026\u2026\u2026\u2026\u2026\u2026\u2026\u2026\u2026\u2026\u2026\u2026\u2026\u2026\u2026\u2026\u2026\u2026\u2026\u2026\u2026\u2026\u2026\u2026\u2026\u2026\u2026\u2026\u2026\u2026\u2026\u2026\u2026\u2026\u2026\u2026\u2026\u2026\u2026\u2026\u2026\u2026\u2026\u2026\u2026\u2026\u2026\u2026\u2026\u2026\u2026\u2026\u2026\u2026\u2026\u2026\u2026\u2026\u2026\u2026\u2026\u2026\u2026\u2026\u2026\u2026\u2026\u2026\u2026\u2026\u2026\u2026\u2026\u2026\u2026\u2026\u2026\u2026\u2026\u2026\u2026\u2026\u2026\u2026\u2026&#8230;.\u2026\u2026\u2026\u2026\u2026\u2026\u2026\u2026\u2026\u2026\u2026\u2026\u2026\u2026\u2026\u2026\u2026\u2026\u2026\u2026\u2026\u2026\u2026\u2026\u2026\u2026\u2026\u2026\u2026\u2026\u2026\u2026\u2026\u2026\u2026\u2026\u2026\u2026\u2026\u2026\u2026\u2026\u2026\u2026\u2026\u2026\u2026\u2026\u2026\u2026\u2026\u2026\u2026\u2026\u2026\u2026\u2026\u2026\u2026\u2026\u2026\u2026\u2026\u2026\u2026\u2026\u2026\u2026\u2026\u2026\u2026\u2026\u2026&#8230;\u2026\u2026\u2026\u2026\u2026\u2026\u2026\u2026\u2026\u2026\u2026\u2026\u2026\u2026\u2026\u2026\u2026\u2026\u2026\u2026\u2026\u2026\u2026\u2026\u2026\u2026\u2026\u2026\u2026\u2026\u2026\u2026\u2026\u2026\u2026\u2026\u2026\u2026\u2026\u2026\u2026\u2026\u2026\u2026\u2026\u2026\u2026\u2026\u2026\u2026\u2026\u2026\u2026\u2026\u2026\u2026\u2026\u2026\u2026\u2026\u2026\u2026\u2026\u2026\u2026\u2026\u2026\u2026\u2026\u2026\u2026\u2026\u2026\u2026\u2026\u2026\u2026\u2026\u2026\u2026\u2026\u2026\u2026\u2026\u2026\u2026\u2026\u2026\u2026\u2026\u2026\u2026\u2026\u2026\u2026\u2026\u2026\u2026\u2026\u2026\u2026\u2026\u2026\u2026\u2026\u2026\u2026\u2026\u2026\u2026\u2026\u2026\u2026\u2026\u2026\u2026\u2026\u2026\u2026\u2026\u2026\u2026\u2026\u2026\u2026\u2026\u2026\u2026\u2026\u2026\u2026\u2026\u2026\u2026\u2026\u2026\u2026\u2026\u2026\u2026\u2026\u2026\u2026\u2026\u2026\u2026\u2026\u2026.\u2026\u2026\u2026\u2026\u2026\u2026\u2026\u2026\u2026\u2026\u2026\u2026\u2026\u2026\u2026\u2026\u2026\u2026\u2026\u2026\u2026\u2026\u2026\u2026\u2026\u2026\u2026\u2026\u2026\u2026\u2026\u2026\u2026\u2026\u2026\u2026\u2026\u2026\u2026\u2026\u2026\u2026\u2026\u2026\u2026\u2026\u2026\u2026\u2026\u2026\u2026\u2026\u2026\u2026\u2026\u2026\u2026\u2026\u2026\u2026\u2026\u2026\u2026\u2026\u2026\u2026\u2026\u2026\u2026\u2026\u2026\u2026\u2026\u2026\u2026\u2026\u2026\u2026\u2026\u2026\u2026\u2026\u2026\u2026\u2026\u2026\u2026\u2026\u2026\u2026\u2026\u2026\u2026\u2026\u2026\u2026\u2026\u2026\u2026\u2026\u2026\u2026\u2026\u2026\u2026\u2026\u2026\u2026\u2026\u2026\u2026\u2026\u2026\u2026\u2026\u2026\u2026\u2026\u2026\u2026\u2026\u2026\u2026\u2026\u2026\u2026\u2026\u2026\u2026\u2026\u2026\u2026\u2026\u2026\u2026\u2026\u2026\u2026\u2026\u2026\u2026\u2026\u2026\u2026\u2026\u2026\u2026\u2026\u2026\u2026\u2026\u2026\u2026\u2026\u2026\u2026\u2026\u2026\u2026\u2026\u2026\u2026\u2026\u2026\u2026\u2026\u2026\u2026\u2026\u2026\u2026\u2026\u2026\u2026\u2026\u2026\u2026\u2026\u2026\u2026\u2026\u2026\u2026\u2026\u2026\u2026\u2026\u2026\u2026\u2026\u2026\u2026\u2026\u2026\u2026\u2026\u2026\u2026\u2026\u2026\u2026\u2026\u2026\u2026\u2026\u2026\u2026\u2026\u2026\u2026\u2026\u2026\u2026\u2026\u2026\u2026\u2026\u2026\u2026\u2026\u2026\u2026\u2026\u2026\u2026\u2026\u2026\u2026\u2026\u2026\u2026\u2026\u2026\u2026\u2026\u2026\u2026\u2026\u2026\u2026\u2026\u2026\u2026\u2026\u2026\u2026\u2026\u2026\u2026\u2026\u2026\u2026\u2026\u2026\u2026\u2026\u2026\u2026<\/p><p>\u00a0<\/p><ul><li><strong>BA\u015eVURU SAH\u0130B\u0130N\u0130N BEYANI <\/strong><\/li><\/ul><p><strong>\u00a0<\/strong><\/p><p>Yukar\u0131da belirtti\u011fim talepler do\u011frultusunda, \u015eirketinize yapm\u0131\u015f oldu\u011fum ba\u015fvurumun de\u011ferlendirilerek taraf\u0131ma bilgi verilmesini rica ederim.<\/p><p>Bu ba\u015fvuruda taraf\u0131n\u0131za sa\u011flam\u0131\u015f oldu\u011fum belge ve bilgilerimin do\u011fru ve g\u00fcncel oldu\u011fu, \u015fahs\u0131ma ait oldu\u011funu beyan ve taahh\u00fct ederim. Ba\u015fvuru formunda sa\u011flam\u0131\u015f oldu\u011fum bilgi ve belgelerin yapm\u0131\u015f oldu\u011fum ba\u015fvurunun de\u011ferlendirilmesi, cevapland\u0131r\u0131lmas\u0131, ba\u015fvurumun taraf\u0131ma ula\u015ft\u0131r\u0131lmas\u0131, kimli\u011fimin ve adresimin tespiti ama\u00e7lar\u0131yla s\u0131n\u0131rl\u0131 olarak <strong>YATED Fuarc\u0131l\u0131k A.\u015e. <\/strong>taraf\u0131ndan i\u015flenmesine izin veriyorum.<\/p><ul><li>Cevab\u0131n Ba\u015fvuru Formunda belirtmi\u015f oldu\u011fum adresime g\u00f6nderilmesini talep ederim.<\/li><li>Cevab\u0131n Ba\u015fvuru Formunun belirtmi\u015f oldu\u011fum elektronik posta adresime g\u00f6nderilmesini talep ederim. <em>(E-posta y\u00f6ntemini se\u00e7meniz halinde size daha h\u0131zl\u0131 yan\u0131t verebilece\u011fiz.)<\/em><\/li><li>Elden teslim almak istiyorum. <em>(Vekaleten teslim al\u0131nmas\u0131 durumunda noter tasdikli vekaletname veya noter tasdikli yetki belgesi olmas\u0131 gerekmektedir. Ki\u015finin e\u015fi, babas\u0131 gibi yak\u0131nlar\u0131na asla bilgi verilmemektedir.)<\/em><\/li><\/ul><p>\u00a0<\/p><p>Ba\u015fvuruda Bulunan (Ki\u015fisel Veri Sahibi) \u0130lgili Ki\u015finin Ad\u0131 Soyad\u0131:<\/p><p>Ba\u015fvuru Tarihi:<\/p><p>\u0130mza:<\/p><p><strong>\u00d6NEML\u0130 NOT: <\/strong>Ba\u015fvurular, ki\u015finin \u015fahs\u0131na ait olmal\u0131d\u0131r. E\u015f, yak\u0131n, \u00e7ocuk vs. ad\u0131na ba\u015fvuru yap\u0131lamaz. <strong>YATED Fuarc\u0131l\u0131k A.\u015e. <\/strong>ba\u015fvuru sahibinin kimli\u011finden \u015f\u00fcphelenirse buna ili\u015fkin do\u011frulama bilgilerini ki\u015fiden talep edebilir. Form kapsam\u0131nda iletmekte oldu\u011funuz taleplerinize ili\u015fkin bilgilerin do\u011fru ve g\u00fcncel olmamas\u0131 ya da yetkisiz bir ba\u015fvuru yap\u0131lmas\u0131 halinde \u015eirketimiz, s\u00f6z konusu yanl\u0131\u015f bilgi ya da yetkisiz ba\u015fvuru kaynakl\u0131 taleplerden dolay\u0131 mesuliyet kabul etmemektedir.<\/p>\t\t\t\t\t\t\t\t<\/div>\n\t\t\t\t<\/div>\n\t\t\t\t<div class=\"elementor-element elementor-element-e5440e9 sc_fly_static elementor-widget elementor-widget-spacer\" data-id=\"e5440e9\" data-element_type=\"widget\" data-e-type=\"widget\" data-widget_type=\"spacer.default\">\n\t\t\t\t<div class=\"elementor-widget-container\">\n\t\t\t\t\t\t\t<div class=\"elementor-spacer\">\n\t\t\t<div class=\"elementor-spacer-inner\"><\/div>\n\t\t<\/div>\n\t\t\t\t\t\t<\/div>\n\t\t\t\t<\/div>\n\t\t\t\t<div class=\"elementor-element elementor-element-7a43de7 sc_fly_static elementor-widget elementor-widget-trx_sc_button\" data-id=\"7a43de7\" data-element_type=\"widget\" data-e-type=\"widget\" data-widget_type=\"trx_sc_button.default\">\n\t\t\t\t<div class=\"elementor-widget-container\">\n\t\t\t\t\t<div\tclass=\"sc_item_button sc_button_wrap\"><a href=\"http:\/\/deniz.bosphorusboatshow.com\/wp-content\/uploads\/sites\/3\/2023\/10\/BBS-KVKK-Basvuru-Formu.docx\" class=\"sc_button sc_button_default sc_button_size_small sc_button_icon_left\"><span class=\"sc_button_text\"><span class=\"sc_button_title\">Download the Application Form<\/span><\/span><\/a><\/div>\t\t\t\t<\/div>\n\t\t\t\t<\/div>\n\t\t\t\t\t<\/div>\n\t\t<\/div>\n\t\t\t\t\t<\/div>\n\t\t<\/section>\n\t\t\t\t<section data-particle_enable=\"false\" data-particle-mobile-disabled=\"false\" class=\"elementor-section elementor-top-section elementor-element elementor-element-0379a92 elementor-section-boxed elementor-section-height-default elementor-section-height-default sc_fly_static\" data-id=\"0379a92\" data-element_type=\"section\" data-e-type=\"section\">\n\t\t\t\t\t\t<div class=\"elementor-container elementor-column-gap-extended\">\n\t\t\t\t\t<div class=\"elementor-column elementor-col-100 elementor-top-column elementor-element elementor-element-9ade152 sc_inner_width_none sc_content_align_inherit sc_layouts_column_icons_position_left sc_fly_static\" data-id=\"9ade152\" data-element_type=\"column\" data-e-type=\"column\">\n\t\t\t<div class=\"elementor-widget-wrap elementor-element-populated\">\n\t\t\t\t\t\t<div class=\"elementor-element elementor-element-0a65353 sc_height_large sc_fly_static elementor-widget elementor-widget-spacer\" data-id=\"0a65353\" data-element_type=\"widget\" data-e-type=\"widget\" data-widget_type=\"spacer.default\">\n\t\t\t\t<div class=\"elementor-widget-container\">\n\t\t\t\t\t\t\t<div class=\"elementor-spacer\">\n\t\t\t<div class=\"elementor-spacer-inner\"><\/div>\n\t\t<\/div>\n\t\t\t\t\t\t<\/div>\n\t\t\t\t<\/div>\n\t\t\t\t\t<\/div>\n\t\t<\/div>\n\t\t\t\t\t<\/div>\n\t\t<\/section>\n\t\t\t\t<\/div>\n\t\t","protected":false},"excerpt":{"rendered":"<p>KVKK Ba\u015fvuru ve Bilgi Talep Formu Download the Application Form Genel A\u00e7\u0131klamalar 6698 Say\u0131l\u0131 Ki\u015fisel Verilerin Korunmas\u0131 Kanunu\u2019nda (\u201cKVK Kanunu\u201d) ilgili ki\u015fi olarak tan\u0131mlanan ki\u015fisel veri sahiplerine (Bundan b\u00f6yle \u201cBa\u015fvuru&hellip;<\/p>\n","protected":false},"author":1,"featured_media":0,"parent":0,"menu_order":0,"comment_status":"closed","ping_status":"closed","template":"","meta":{"inline_featured_image":false,"footnotes":""},"class_list":["post-6305","page","type-page","status-publish","hentry"],"_links":{"self":[{"href":"https:\/\/deniz.bosphorusboatshow.com\/en\/wp-json\/wp\/v2\/pages\/6305","targetHints":{"allow":["GET"]}}],"collection":[{"href":"https:\/\/deniz.bosphorusboatshow.com\/en\/wp-json\/wp\/v2\/pages"}],"about":[{"href":"https:\/\/deniz.bosphorusboatshow.com\/en\/wp-json\/wp\/v2\/types\/page"}],"author":[{"embeddable":true,"href":"https:\/\/deniz.bosphorusboatshow.com\/en\/wp-json\/wp\/v2\/users\/1"}],"replies":[{"embeddable":true,"href":"https:\/\/deniz.bosphorusboatshow.com\/en\/wp-json\/wp\/v2\/comments?post=6305"}],"version-history":[{"count":6,"href":"https:\/\/deniz.bosphorusboatshow.com\/en\/wp-json\/wp\/v2\/pages\/6305\/revisions"}],"predecessor-version":[{"id":6362,"href":"https:\/\/deniz.bosphorusboatshow.com\/en\/wp-json\/wp\/v2\/pages\/6305\/revisions\/6362"}],"wp:attachment":[{"href":"https:\/\/deniz.bosphorusboatshow.com\/en\/wp-json\/wp\/v2\/media?parent=6305"}],"curies":[{"name":"wp","href":"https:\/\/api.w.org\/{rel}","templated":true}]}}