{"id":6380,"date":"2023-10-19T13:17:17","date_gmt":"2023-10-19T10:17:17","guid":{"rendered":"https:\/\/deniz.bosphorusboatshow.com\/?page_id=6380"},"modified":"2025-12-24T14:47:15","modified_gmt":"2025-12-24T11:47:15","slug":"press-release","status":"publish","type":"page","link":"https:\/\/deniz.bosphorusboatshow.com\/en\/press-release\/","title":{"rendered":"Press Release"},"content":{"rendered":"\t\t<div data-elementor-type=\"wp-post\" data-elementor-id=\"6380\" class=\"elementor elementor-6380 elementor-6379\" data-elementor-post-type=\"page\">\n\t\t\t\t\t\t<section data-particle_enable=\"false\" data-particle-mobile-disabled=\"false\" class=\"elementor-section elementor-top-section elementor-element elementor-element-d6ba234 elementor-section-boxed elementor-section-height-default elementor-section-height-default sc_fly_static\" data-id=\"d6ba234\" data-element_type=\"section\" data-e-type=\"section\">\n\t\t\t\t\t\t<div class=\"elementor-container elementor-column-gap-extended\">\n\t\t\t\t\t<div class=\"elementor-column elementor-col-100 elementor-top-column elementor-element elementor-element-24552e5 sc_inner_width_none sc_content_align_inherit sc_layouts_column_icons_position_left sc_fly_static\" data-id=\"24552e5\" data-element_type=\"column\" data-e-type=\"column\">\n\t\t\t<div class=\"elementor-widget-wrap elementor-element-populated\">\n\t\t\t\t\t\t<div class=\"elementor-element elementor-element-b9d8129 sc_height_large sc_fly_static elementor-widget elementor-widget-spacer\" data-id=\"b9d8129\" data-element_type=\"widget\" data-e-type=\"widget\" data-widget_type=\"spacer.default\">\n\t\t\t\t<div class=\"elementor-widget-container\">\n\t\t\t\t\t\t\t<div class=\"elementor-spacer\">\n\t\t\t<div class=\"elementor-spacer-inner\"><\/div>\n\t\t<\/div>\n\t\t\t\t\t\t<\/div>\n\t\t\t\t<\/div>\n\t\t\t\t<div class=\"elementor-element elementor-element-14f4ddd sc_fly_static elementor-widget elementor-widget-heading\" data-id=\"14f4ddd\" data-element_type=\"widget\" data-e-type=\"widget\" data-widget_type=\"heading.default\">\n\t\t\t\t<div class=\"elementor-widget-container\">\n\t\t\t\t\t<h3 class=\"elementor-heading-title elementor-size-default\">More than 300 boats will be showcased in \u0130stanbul from October 25th to November 2nd.<\/h3>\t\t\t\t<\/div>\n\t\t\t\t<\/div>\n\t\t\t\t<div class=\"elementor-element elementor-element-843ef48 sc_fly_static elementor-widget elementor-widget-spacer\" data-id=\"843ef48\" data-element_type=\"widget\" data-e-type=\"widget\" data-widget_type=\"spacer.default\">\n\t\t\t\t<div class=\"elementor-widget-container\">\n\t\t\t\t\t\t\t<div class=\"elementor-spacer\">\n\t\t\t<div class=\"elementor-spacer-inner\"><\/div>\n\t\t<\/div>\n\t\t\t\t\t\t<\/div>\n\t\t\t\t<\/div>\n\t\t\t\t<div class=\"elementor-element elementor-element-4e12768 sc_fly_static elementor-widget elementor-widget-heading\" data-id=\"4e12768\" data-element_type=\"widget\" data-e-type=\"widget\" data-widget_type=\"heading.default\">\n\t\t\t\t<div class=\"elementor-widget-container\">\n\t\t\t\t\t<h3 class=\"elementor-heading-title elementor-size-default\">A historic fair in Istanbul:\nHundreds of boats meet with sea lovers\n<\/h3>\t\t\t\t<\/div>\n\t\t\t\t<\/div>\n\t\t\t\t\t<\/div>\n\t\t<\/div>\n\t\t\t\t\t<\/div>\n\t\t<\/section>\n\t\t\t\t<section data-particle_enable=\"false\" data-particle-mobile-disabled=\"false\" class=\"elementor-section elementor-top-section elementor-element elementor-element-e7c8c5d elementor-section-boxed elementor-section-height-default elementor-section-height-default sc_fly_static\" data-id=\"e7c8c5d\" data-element_type=\"section\" data-e-type=\"section\">\n\t\t\t\t\t\t<div class=\"elementor-container elementor-column-gap-extended\">\n\t\t\t\t\t<div class=\"elementor-column elementor-col-100 elementor-top-column elementor-element elementor-element-b4fb9d0 sc_inner_width_none sc_content_align_inherit sc_layouts_column_icons_position_left sc_fly_static\" data-id=\"b4fb9d0\" data-element_type=\"column\" data-e-type=\"column\">\n\t\t\t<div class=\"elementor-widget-wrap elementor-element-populated\">\n\t\t\t\t\t\t<div class=\"elementor-element elementor-element-b366d19 sc_fly_static elementor-widget elementor-widget-spacer\" data-id=\"b366d19\" data-element_type=\"widget\" data-e-type=\"widget\" data-widget_type=\"spacer.default\">\n\t\t\t\t<div class=\"elementor-widget-container\">\n\t\t\t\t\t\t\t<div class=\"elementor-spacer\">\n\t\t\t<div class=\"elementor-spacer-inner\"><\/div>\n\t\t<\/div>\n\t\t\t\t\t\t<\/div>\n\t\t\t\t<\/div>\n\t\t\t\t<div class=\"elementor-element elementor-element-f2f30cc sc_fly_static elementor-widget elementor-widget-text-editor\" data-id=\"f2f30cc\" data-element_type=\"widget\" data-e-type=\"widget\" data-widget_type=\"text-editor.default\">\n\t\t\t\t<div class=\"elementor-widget-container\">\n\t\t\t\t\t\t\t\t\t<p><strong>The Bosphorus Boat Show, Boat, Boat Equipment, and Accessories Fair, which will be held at \u0130stanbul\u2019s Atak\u00f6y Marina from 17\u201325 October 2026, will bring leading names of the maritime sector together. The event, organized by ED Trade Fairs with the support of the Yacht and Boat Industry Association (YATED) and in collaboration with YATED Fair Organization, with the main sponsorship of the Turkish Shipbuilders\u2019 Association (G\u0130SB\u0130R) and the permission of the Union of Chambers and Commodity Exchanges of T\u00fcrkiye, will feature over 500 brands from over 200 companies. Expected to attract significant international attention with \u0130stanbul\u2019s global recognition and unparalleled scenery, the Bosphorus Boat Show aims to significantly boost the boat and yacht sector by showcasing over 300 boats, luxury yachts up to 50 meters, and new model boats.<\/strong><\/p><p>Bosphorus Boat Show, Boat, Boat Equipment and Accessories Fair, featuring over 200 companies, 500 brands, and 300 boats, will be on display at Atak\u00f6y Marina from 17\u201325 October 2026. Held on the sea and organized by ED Fair Organization with the support of the Yacht and Boat Industry Association (YATED) and in collaboration with YATED Fair Organization, with the main sponsorship of the Turkish Shipbuilders\u2019 Association (G\u0130SB\u0130R) and the permission of the Union of Chambers and Commodity Exchanges of T\u00fcrkiye, the event will feature over 500 brands. Bringing together industry-leading brands and the latest technologies with sea enthusiasts, the fair will showcase boats from 2025 and 2026, ambitious models from T\u00fcrkiye\u2019s leading shipyards, and new models from world-renowned yacht brands.<\/p>\t\t\t\t\t\t\t\t<\/div>\n\t\t\t\t<\/div>\n\t\t\t\t<div class=\"elementor-element elementor-element-162e868 sc_fly_static elementor-widget elementor-widget-spacer\" data-id=\"162e868\" data-element_type=\"widget\" data-e-type=\"widget\" data-widget_type=\"spacer.default\">\n\t\t\t\t<div class=\"elementor-widget-container\">\n\t\t\t\t\t\t\t<div class=\"elementor-spacer\">\n\t\t\t<div class=\"elementor-spacer-inner\"><\/div>\n\t\t<\/div>\n\t\t\t\t\t\t<\/div>\n\t\t\t\t<\/div>\n\t\t\t\t\t<\/div>\n\t\t<\/div>\n\t\t\t\t\t<\/div>\n\t\t<\/section>\n\t\t\t\t<section data-particle_enable=\"false\" data-particle-mobile-disabled=\"false\" class=\"elementor-section elementor-top-section elementor-element elementor-element-5b648e8 elementor-section-boxed elementor-section-height-default elementor-section-height-default sc_fly_static\" data-id=\"5b648e8\" data-element_type=\"section\" data-e-type=\"section\">\n\t\t\t\t\t\t<div class=\"elementor-container elementor-column-gap-extended\">\n\t\t\t\t\t<div class=\"elementor-column elementor-col-100 elementor-top-column elementor-element elementor-element-12c6387 sc_inner_width_none sc_content_align_inherit sc_layouts_column_icons_position_left sc_fly_static\" data-id=\"12c6387\" data-element_type=\"column\" data-e-type=\"column\">\n\t\t\t<div class=\"elementor-widget-wrap elementor-element-populated\">\n\t\t\t\t\t\t<div class=\"elementor-element elementor-element-a07eeba sc_fly_static elementor-widget elementor-widget-heading\" data-id=\"a07eeba\" data-element_type=\"widget\" data-e-type=\"widget\" data-widget_type=\"heading.default\">\n\t\t\t\t<div class=\"elementor-widget-container\">\n\t\t\t\t\t<h4 class=\"elementor-heading-title elementor-size-default\">INTERNATIONAL MARKET OPPORTUNITY<\/h4>\t\t\t\t<\/div>\n\t\t\t\t<\/div>\n\t\t\t\t<div class=\"elementor-element elementor-element-7904b10 sc_height_small sc_fly_static elementor-widget elementor-widget-spacer\" data-id=\"7904b10\" data-element_type=\"widget\" data-e-type=\"widget\" data-widget_type=\"spacer.default\">\n\t\t\t\t<div class=\"elementor-widget-container\">\n\t\t\t\t\t\t\t<div class=\"elementor-spacer\">\n\t\t\t<div class=\"elementor-spacer-inner\"><\/div>\n\t\t<\/div>\n\t\t\t\t\t\t<\/div>\n\t\t\t\t<\/div>\n\t\t\t\t\t<\/div>\n\t\t<\/div>\n\t\t\t\t\t<\/div>\n\t\t<\/section>\n\t\t\t\t<section data-particle_enable=\"false\" data-particle-mobile-disabled=\"false\" class=\"elementor-section elementor-top-section elementor-element elementor-element-0b1cd54 elementor-section-boxed elementor-section-height-default elementor-section-height-default sc_fly_static\" data-id=\"0b1cd54\" data-element_type=\"section\" data-e-type=\"section\">\n\t\t\t\t\t\t<div class=\"elementor-container elementor-column-gap-extended\">\n\t\t\t\t\t<div class=\"elementor-column elementor-col-100 elementor-top-column elementor-element elementor-element-4f0d28e sc_inner_width_none sc_content_align_inherit sc_layouts_column_icons_position_left sc_fly_static\" data-id=\"4f0d28e\" data-element_type=\"column\" data-e-type=\"column\">\n\t\t\t<div class=\"elementor-widget-wrap elementor-element-populated\">\n\t\t\t\t\t\t<div class=\"elementor-element elementor-element-0f557bb sc_fly_static elementor-widget elementor-widget-text-editor\" data-id=\"0f557bb\" data-element_type=\"widget\" data-e-type=\"widget\" data-widget_type=\"text-editor.default\">\n\t\t\t\t<div class=\"elementor-widget-container\">\n\t\t\t\t\t\t\t\t\t<p>ED Fair Organization founding partner Dilek Soydan emphasized that the fair will be a great opportunity for those who want to closely follow the developments in the sector, saying, \u201cThe Bosphorus Boat Show will offer visitors an unforgettable experience with its rich variety of boats to suit every need, taste, and budget. This major event will bring a new perspective to the maritime world.\u201d Soydan noted the great advantage of the Bosphorus Boat Show being held in Atak\u00f6y Marina, one of the most prestigious areas of \u0130stanbul, saying, \u201cWith \u0130stanbul\u2019s worldwide recognition and unparalleled view, Atak\u00f6y Marina will be the perfect host for our fair. \u0130stanbul is a city that attracts global attention with its historical and modern structure. The fair, which we will organize in this magnificent atmosphere, will offer unique opportunities to all professionals and sea enthusiasts in the sector. We know how important fairs are for the development of the boat and yacht industry; the Bosphorus Boat Show will accelerate this development, reinforce the sector\u2019s global strength, and reach a level that can compete with the largest maritime fairs in the world. This organization will create serious opportunities for our participants not only in local but also in international markets.\u201d she said. Taking its place among the world\u2019s Boat Show rankings, the \u0130stanbul Fair has also entered the calendar of international visitors.<\/p>\t\t\t\t\t\t\t\t<\/div>\n\t\t\t\t<\/div>\n\t\t\t\t<div class=\"elementor-element elementor-element-c9c8535 sc_fly_static elementor-widget elementor-widget-spacer\" data-id=\"c9c8535\" data-element_type=\"widget\" data-e-type=\"widget\" data-widget_type=\"spacer.default\">\n\t\t\t\t<div class=\"elementor-widget-container\">\n\t\t\t\t\t\t\t<div class=\"elementor-spacer\">\n\t\t\t<div class=\"elementor-spacer-inner\"><\/div>\n\t\t<\/div>\n\t\t\t\t\t\t<\/div>\n\t\t\t\t<\/div>\n\t\t\t\t\t<\/div>\n\t\t<\/div>\n\t\t\t\t\t<\/div>\n\t\t<\/section>\n\t\t\t\t<section data-particle_enable=\"false\" data-particle-mobile-disabled=\"false\" class=\"elementor-section elementor-top-section elementor-element elementor-element-8c9c2f0 elementor-section-boxed elementor-section-height-default elementor-section-height-default sc_fly_static\" data-id=\"8c9c2f0\" data-element_type=\"section\" data-e-type=\"section\">\n\t\t\t\t\t\t<div class=\"elementor-container elementor-column-gap-extended\">\n\t\t\t\t\t<div class=\"elementor-column elementor-col-100 elementor-top-column elementor-element elementor-element-4b0b6af sc_inner_width_none sc_content_align_inherit sc_layouts_column_icons_position_left sc_fly_static\" data-id=\"4b0b6af\" data-element_type=\"column\" data-e-type=\"column\">\n\t\t\t<div class=\"elementor-widget-wrap elementor-element-populated\">\n\t\t\t\t\t\t<div class=\"elementor-element elementor-element-4240f66 sc_fly_static elementor-widget elementor-widget-heading\" data-id=\"4240f66\" data-element_type=\"widget\" data-e-type=\"widget\" data-widget_type=\"heading.default\">\n\t\t\t\t<div class=\"elementor-widget-container\">\n\t\t\t\t\t<h4 class=\"elementor-heading-title elementor-size-default\">PARTICIPATION FROM ALL OVER THE WORLD<\/h4>\t\t\t\t<\/div>\n\t\t\t\t<\/div>\n\t\t\t\t<div class=\"elementor-element elementor-element-762ce90 sc_height_small sc_fly_static elementor-widget elementor-widget-spacer\" data-id=\"762ce90\" data-element_type=\"widget\" data-e-type=\"widget\" data-widget_type=\"spacer.default\">\n\t\t\t\t<div class=\"elementor-widget-container\">\n\t\t\t\t\t\t\t<div class=\"elementor-spacer\">\n\t\t\t<div class=\"elementor-spacer-inner\"><\/div>\n\t\t<\/div>\n\t\t\t\t\t\t<\/div>\n\t\t\t\t<\/div>\n\t\t\t\t\t<\/div>\n\t\t<\/div>\n\t\t\t\t\t<\/div>\n\t\t<\/section>\n\t\t\t\t<section data-particle_enable=\"false\" data-particle-mobile-disabled=\"false\" class=\"elementor-section elementor-top-section elementor-element elementor-element-ef3eea7 elementor-section-boxed elementor-section-height-default elementor-section-height-default sc_fly_static\" data-id=\"ef3eea7\" data-element_type=\"section\" data-e-type=\"section\">\n\t\t\t\t\t\t<div class=\"elementor-container elementor-column-gap-extended\">\n\t\t\t\t\t<div class=\"elementor-column elementor-col-100 elementor-top-column elementor-element elementor-element-e7f7ba6 sc_inner_width_none sc_content_align_inherit sc_layouts_column_icons_position_left sc_fly_static\" data-id=\"e7f7ba6\" data-element_type=\"column\" data-e-type=\"column\">\n\t\t\t<div class=\"elementor-widget-wrap elementor-element-populated\">\n\t\t\t\t\t\t<div class=\"elementor-element elementor-element-2f77c43 sc_fly_static elementor-widget elementor-widget-text-editor\" data-id=\"2f77c43\" data-element_type=\"widget\" data-e-type=\"widget\" data-widget_type=\"text-editor.default\">\n\t\t\t\t<div class=\"elementor-widget-container\">\n\t\t\t\t\t\t\t\t\t<p>Emel Y\u0131lmaz, Founding Partner of ED Fair Organization, emphasized the excitement of this year\u2019s Bosphorus Boat Show being held at Atak\u00f6y Marina, following its previous successes in Pendik. She said, \u201cWe will take the success we achieved with the fairs we held in Pendik one step further in Atak\u00f6y. This year, we will bring together prominent figures in the maritime sector with participants from around the world. The Bosphorus Boat Show will become not only a local event but also an international one, competing with major competitors in the sector. The event will contribute to the economic development of the region and enhance the prestige of \u0130stanbul and T\u00fcrkiye in the maritime sector. It will provide our participants with the opportunity to gain global recognition and promote innovations in the sector on a global scale.\u201d<\/p>\t\t\t\t\t\t\t\t<\/div>\n\t\t\t\t<\/div>\n\t\t\t\t<div class=\"elementor-element elementor-element-72b8391 sc_fly_static elementor-widget elementor-widget-spacer\" data-id=\"72b8391\" data-element_type=\"widget\" data-e-type=\"widget\" data-widget_type=\"spacer.default\">\n\t\t\t\t<div class=\"elementor-widget-container\">\n\t\t\t\t\t\t\t<div class=\"elementor-spacer\">\n\t\t\t<div class=\"elementor-spacer-inner\"><\/div>\n\t\t<\/div>\n\t\t\t\t\t\t<\/div>\n\t\t\t\t<\/div>\n\t\t\t\t\t<\/div>\n\t\t<\/div>\n\t\t\t\t\t<\/div>\n\t\t<\/section>\n\t\t\t\t<\/div>\n\t\t","protected":false},"excerpt":{"rendered":"<p>More than 300 boats will be showcased in \u0130stanbul from October 25th to November 2nd. A historic fair in Istanbul: Hundreds of boats meet with sea lovers The Bosphorus Boat&hellip;<\/p>\n","protected":false},"author":1,"featured_media":0,"parent":0,"menu_order":0,"comment_status":"closed","ping_status":"closed","template":"","meta":{"inline_featured_image":false,"footnotes":""},"class_list":["post-6380","page","type-page","status-publish","hentry"],"_links":{"self":[{"href":"https:\/\/deniz.bosphorusboatshow.com\/en\/wp-json\/wp\/v2\/pages\/6380","targetHints":{"allow":["GET"]}}],"collection":[{"href":"https:\/\/deniz.bosphorusboatshow.com\/en\/wp-json\/wp\/v2\/pages"}],"about":[{"href":"https:\/\/deniz.bosphorusboatshow.com\/en\/wp-json\/wp\/v2\/types\/page"}],"author":[{"embeddable":true,"href":"https:\/\/deniz.bosphorusboatshow.com\/en\/wp-json\/wp\/v2\/users\/1"}],"replies":[{"embeddable":true,"href":"https:\/\/deniz.bosphorusboatshow.com\/en\/wp-json\/wp\/v2\/comments?post=6380"}],"version-history":[{"count":12,"href":"https:\/\/deniz.bosphorusboatshow.com\/en\/wp-json\/wp\/v2\/pages\/6380\/revisions"}],"predecessor-version":[{"id":8410,"href":"https:\/\/deniz.bosphorusboatshow.com\/en\/wp-json\/wp\/v2\/pages\/6380\/revisions\/8410"}],"wp:attachment":[{"href":"https:\/\/deniz.bosphorusboatshow.com\/en\/wp-json\/wp\/v2\/media?parent=6380"}],"curies":[{"name":"wp","href":"https:\/\/api.w.org\/{rel}","templated":true}]}}