{"id":2608,"date":"2023-08-28T14:20:02","date_gmt":"2023-08-28T11:20:02","guid":{"rendered":"http:\/\/deniz.bosphorusboatshow.com\/?page_id=2608"},"modified":"2025-10-27T14:50:24","modified_gmt":"2025-10-27T11:50:24","slug":"fuar-alani","status":"publish","type":"page","link":"https:\/\/deniz.bosphorusboatshow.com\/tr\/fuar-alani\/","title":{"rendered":"Fuar Alan\u0131"},"content":{"rendered":"\t\t<div data-elementor-type=\"wp-post\" data-elementor-id=\"2608\" class=\"elementor elementor-2608\" data-elementor-post-type=\"page\">\n\t\t\t\t\t\t<section data-particle_enable=\"false\" data-particle-mobile-disabled=\"false\" class=\"elementor-section elementor-top-section elementor-element elementor-element-d6ba234 elementor-section-full_width elementor-section-height-default elementor-section-height-default sc_fly_static\" data-id=\"d6ba234\" data-element_type=\"section\" data-e-type=\"section\">\n\t\t\t\t\t\t<div class=\"elementor-container elementor-column-gap-default\">\n\t\t\t\t\t<div class=\"elementor-column elementor-col-100 elementor-top-column elementor-element elementor-element-24552e5 sc_inner_width_none sc_content_align_inherit sc_layouts_column_icons_position_left sc_fly_static\" data-id=\"24552e5\" data-element_type=\"column\" data-e-type=\"column\">\n\t\t\t<div class=\"elementor-widget-wrap elementor-element-populated\">\n\t\t\t\t\t\t<div class=\"elementor-element elementor-element-918ceaa sc_fly_static elementor-widget elementor-widget-spacer\" data-id=\"918ceaa\" data-element_type=\"widget\" data-e-type=\"widget\" data-widget_type=\"spacer.default\">\n\t\t\t\t<div class=\"elementor-widget-container\">\n\t\t\t\t\t\t\t<div class=\"elementor-spacer\">\n\t\t\t<div class=\"elementor-spacer-inner\"><\/div>\n\t\t<\/div>\n\t\t\t\t\t\t<\/div>\n\t\t\t\t<\/div>\n\t\t\t\t<div class=\"elementor-element elementor-element-9a3db9e sc_fly_static elementor-widget elementor-widget-image\" data-id=\"9a3db9e\" data-element_type=\"widget\" data-e-type=\"widget\" data-widget_type=\"image.default\">\n\t\t\t\t<div class=\"elementor-widget-container\">\n\t\t\t\t\t\t\t\t\t\t\t\t\t\t\t<img fetchpriority=\"high\" decoding=\"async\" width=\"2560\" height=\"2341\" src=\"https:\/\/deniz.bosphorusboatshow.com\/wp-content\/uploads\/sites\/3\/2025\/10\/Atakoy-Marina-firmali-v5-scaled.png\" class=\"attachment-full size-full wp-image-8333\" alt=\"\" srcset=\"https:\/\/deniz.bosphorusboatshow.com\/wp-content\/uploads\/sites\/3\/2025\/10\/Atakoy-Marina-firmali-v5-scaled.png 2560w, https:\/\/deniz.bosphorusboatshow.com\/wp-content\/uploads\/sites\/3\/2025\/10\/Atakoy-Marina-firmali-v5-300x274.png 300w, https:\/\/deniz.bosphorusboatshow.com\/wp-content\/uploads\/sites\/3\/2025\/10\/Atakoy-Marina-firmali-v5-1024x936.png 1024w, https:\/\/deniz.bosphorusboatshow.com\/wp-content\/uploads\/sites\/3\/2025\/10\/Atakoy-Marina-firmali-v5-768x702.png 768w, https:\/\/deniz.bosphorusboatshow.com\/wp-content\/uploads\/sites\/3\/2025\/10\/Atakoy-Marina-firmali-v5-1536x1405.png 1536w, https:\/\/deniz.bosphorusboatshow.com\/wp-content\/uploads\/sites\/3\/2025\/10\/Atakoy-Marina-firmali-v5-2048x1873.png 2048w, https:\/\/deniz.bosphorusboatshow.com\/wp-content\/uploads\/sites\/3\/2025\/10\/Atakoy-Marina-firmali-v5-370x338.png 370w, https:\/\/deniz.bosphorusboatshow.com\/wp-content\/uploads\/sites\/3\/2025\/10\/Atakoy-Marina-firmali-v5-760x695.png 760w\" sizes=\"(max-width: 2560px) 100vw, 2560px\" \/>\t\t\t\t\t\t\t\t\t\t\t\t\t\t\t<\/div>\n\t\t\t\t<\/div>\n\t\t\t\t<div class=\"elementor-element elementor-element-0f754a0 sc_height_medium sc_fly_static elementor-widget elementor-widget-spacer\" data-id=\"0f754a0\" data-element_type=\"widget\" data-e-type=\"widget\" data-widget_type=\"spacer.default\">\n\t\t\t\t<div class=\"elementor-widget-container\">\n\t\t\t\t\t\t\t<div class=\"elementor-spacer\">\n\t\t\t<div class=\"elementor-spacer-inner\"><\/div>\n\t\t<\/div>\n\t\t\t\t\t\t<\/div>\n\t\t\t\t<\/div>\n\t\t\t\t\t<\/div>\n\t\t<\/div>\n\t\t\t\t\t<\/div>\n\t\t<\/section>\n\t\t\t\t<section data-particle_enable=\"false\" data-particle-mobile-disabled=\"false\" class=\"elementor-section elementor-top-section elementor-element elementor-element-cc144b5 elementor-section-stretched elementor-section-full_width elementor-section-height-default elementor-section-height-default animation_type_block sc_fly_static elementor-invisible\" data-id=\"cc144b5\" data-element_type=\"section\" data-e-type=\"section\" data-settings=\"{&quot;stretch_section&quot;:&quot;section-stretched&quot;,&quot;animation&quot;:&quot;fadeInUp&quot;}\">\n\t\t\t\t\t\t<div class=\"elementor-container elementor-column-gap-no\">\n\t\t\t\t\t<div class=\"elementor-column elementor-col-100 elementor-top-column elementor-element elementor-element-6c38b6d sc_inner_width_none sc_content_align_inherit sc_layouts_column_icons_position_left sc_fly_static\" data-id=\"6c38b6d\" data-element_type=\"column\" data-e-type=\"column\">\n\t\t\t<div class=\"elementor-widget-wrap elementor-element-populated\">\n\t\t\t\t\t\t<div class=\"elementor-element elementor-element-cea8607 sc_fly_static elementor-widget elementor-widget-trx_sc_googlemap\" data-id=\"cea8607\" data-element_type=\"widget\" data-e-type=\"widget\" data-widget_type=\"trx_sc_googlemap.default\">\n\t\t\t\t<div class=\"elementor-widget-container\">\n\t\t\t\t\t<div id=\"sc_googlemap_636784843_wrap\" class=\"sc_googlemap_wrap\"><div class=\"sc_googlemap_content_wrap\"><div id=\"sc_googlemap_636784843\"\t\t\tclass=\"sc_item_content sc_map sc_googlemap sc_googlemap_default trx_addons_inline_1331945655\"\n\t\t\t\t\t\tdata-zoom=\"14\"\n\t\t\tdata-center=\"\"\n\t\t\tdata-style=\"default\"\n\t\t\tdata-cluster-icon=\"\"\n\t\t\t><iframe\n\t\t\t\t\t\tsrc=\"https:\/\/maps.google.com\/maps?t=m&output=embed&iwloc=near&z=14&q=Atak%C3%B6y+Marina%2C+Bak%C4%B1rk%C3%B6y%2F%C4%B0stanbul\"\n\t\t\t\t\t\taria-label=\"\"><\/iframe><\/div>\t\t\t<div class=\"sc_googlemap_content color_style_link3 sc_googlemap_content_default\"><h4>Atak\u00f6y Marina, Bak\u0131rk\u00f6y<\/h4><h5>34158 \u00a0\u0130stanbul \/ Bak\u0131rk\u00f6y<\/h5><h6><a href=\"tel:02165241570\">0 (216) 524 15 70<\/a><\/h6><\/div>\n\t\t<\/div>\n\t\t<\/div>\t\t\t\t<\/div>\n\t\t\t\t<\/div>\n\t\t\t\t\t<\/div>\n\t\t<\/div>\n\t\t\t\t\t<\/div>\n\t\t<\/section>\n\t\t\t\t<section data-particle_enable=\"false\" data-particle-mobile-disabled=\"false\" class=\"elementor-section elementor-top-section elementor-element elementor-element-4b1c834 sc_layouts_hide_on_mobile elementor-section-boxed elementor-section-height-default elementor-section-height-default sc_fly_static\" data-id=\"4b1c834\" data-element_type=\"section\" data-e-type=\"section\">\n\t\t\t\t\t\t<div class=\"elementor-container elementor-column-gap-extended\">\n\t\t\t\t\t<div class=\"elementor-column elementor-col-100 elementor-top-column elementor-element elementor-element-21ff857 sc_inner_width_none sc_content_align_inherit sc_layouts_column_icons_position_left sc_fly_static\" data-id=\"21ff857\" data-element_type=\"column\" data-e-type=\"column\">\n\t\t\t<div class=\"elementor-widget-wrap elementor-element-populated\">\n\t\t\t\t\t\t<div class=\"elementor-element elementor-element-075e296 sc_fly_static elementor-widget elementor-widget-spacer\" data-id=\"075e296\" data-element_type=\"widget\" data-e-type=\"widget\" data-widget_type=\"spacer.default\">\n\t\t\t\t<div class=\"elementor-widget-container\">\n\t\t\t\t\t\t\t<div class=\"elementor-spacer\">\n\t\t\t<div class=\"elementor-spacer-inner\"><\/div>\n\t\t<\/div>\n\t\t\t\t\t\t<\/div>\n\t\t\t\t<\/div>\n\t\t\t\t<div class=\"elementor-element elementor-element-8e423b7 sc_fly_static elementor-widget elementor-widget-trx_sc_title\" data-id=\"8e423b7\" data-element_type=\"widget\" data-e-type=\"widget\" data-widget_type=\"trx_sc_title.default\">\n\t\t\t\t<div class=\"elementor-widget-container\">\n\t\t\t\t\t<div\t\tclass=\"sc_title sc_title_default\"><h5 class=\"sc_item_title sc_title_title sc_item_title_style_default sc_item_title_tag\"\n\t\t\t><span class=\"sc_item_title_text\">Kat\u0131l\u0131mc\u0131 Profili<\/span><\/h5><\/div>\t\t\t\t<\/div>\n\t\t\t\t<\/div>\n\t\t\t\t<div class=\"elementor-element elementor-element-8982699 sc_fly_static elementor-widget elementor-widget-spacer\" data-id=\"8982699\" data-element_type=\"widget\" data-e-type=\"widget\" data-widget_type=\"spacer.default\">\n\t\t\t\t<div class=\"elementor-widget-container\">\n\t\t\t\t\t\t\t<div class=\"elementor-spacer\">\n\t\t\t<div class=\"elementor-spacer-inner\"><\/div>\n\t\t<\/div>\n\t\t\t\t\t\t<\/div>\n\t\t\t\t<\/div>\n\t\t\t\t\t<\/div>\n\t\t<\/div>\n\t\t\t\t\t<\/div>\n\t\t<\/section>\n\t\t\t\t<section data-particle_enable=\"false\" data-particle-mobile-disabled=\"false\" class=\"elementor-section elementor-top-section elementor-element elementor-element-bf2e58d sc_layouts_hide_on_mobile elementor-section-boxed elementor-section-height-default elementor-section-height-default sc_fly_static\" data-id=\"bf2e58d\" data-element_type=\"section\" data-e-type=\"section\">\n\t\t\t\t\t\t<div class=\"elementor-container elementor-column-gap-extended\">\n\t\t\t\t\t<div class=\"elementor-column elementor-col-100 elementor-top-column elementor-element elementor-element-8db63e8 sc_inner_width_none sc_content_align_inherit sc_layouts_column_icons_position_left sc_fly_static\" data-id=\"8db63e8\" data-element_type=\"column\" data-e-type=\"column\">\n\t\t\t<div class=\"elementor-widget-wrap elementor-element-populated\">\n\t\t\t\t\t\t<section data-particle_enable=\"false\" data-particle-mobile-disabled=\"false\" class=\"elementor-section elementor-inner-section elementor-element elementor-element-712a390 elementor-section-boxed elementor-section-height-default elementor-section-height-default sc_fly_static\" data-id=\"712a390\" data-element_type=\"section\" data-e-type=\"section\">\n\t\t\t\t\t\t<div class=\"elementor-container elementor-column-gap-extended\">\n\t\t\t\t\t<div class=\"elementor-column elementor-col-50 elementor-inner-column elementor-element elementor-element-f44f290 sc_inner_width_none sc_content_align_inherit sc_layouts_column_icons_position_left sc_fly_static\" data-id=\"f44f290\" data-element_type=\"column\" data-e-type=\"column\">\n\t\t\t<div class=\"elementor-widget-wrap elementor-element-populated\">\n\t\t\t\t\t\t<div class=\"elementor-element elementor-element-01a1e82 sc_fly_static elementor-widget elementor-widget-spacer\" data-id=\"01a1e82\" data-element_type=\"widget\" data-e-type=\"widget\" data-widget_type=\"spacer.default\">\n\t\t\t\t<div class=\"elementor-widget-container\">\n\t\t\t\t\t\t\t<div class=\"elementor-spacer\">\n\t\t\t<div class=\"elementor-spacer-inner\"><\/div>\n\t\t<\/div>\n\t\t\t\t\t\t<\/div>\n\t\t\t\t<\/div>\n\t\t\t\t<div class=\"elementor-element elementor-element-91246f0 sc_fly_static elementor-widget elementor-widget-text-editor\" data-id=\"91246f0\" data-element_type=\"widget\" data-e-type=\"widget\" data-widget_type=\"text-editor.default\">\n\t\t\t\t<div class=\"elementor-widget-container\">\n\t\t\t\t\t\t\t\t\t<ul><li>Tekne (Motoryat, Yelkenli, Catamaran, Spor Boat, Megayat, S\u00fcrat Teknesi)<\/li><li>Bot<\/li><li>Tekne Motoru\u00a0<\/li><li>Tekne ekipman ve aksesuarlar\u0131<\/li><li>Deniz motosikleti<\/li><li>Deniz oyuncaklar\u0131<\/li><li>Dal\u0131\u015f malzemeleri<\/li><li>Bal\u0131k\u00e7\u0131l\u0131k malzemeleri<\/li><li>Leasing ve sigorta kurulu\u015flar\u0131<\/li><li>Kara &#8211; deniz ara\u00e7lar\u0131 ve \u00a0ekipmanlar\u0131<\/li><\/ul>\t\t\t\t\t\t\t\t<\/div>\n\t\t\t\t<\/div>\n\t\t\t\t\t<\/div>\n\t\t<\/div>\n\t\t\t\t<div class=\"elementor-column elementor-col-50 elementor-inner-column elementor-element elementor-element-b4ee689 sc_inner_width_none sc_content_align_inherit sc_layouts_column_icons_position_left sc_fly_static\" data-id=\"b4ee689\" data-element_type=\"column\" data-e-type=\"column\">\n\t\t\t<div class=\"elementor-widget-wrap elementor-element-populated\">\n\t\t\t\t\t\t<div class=\"elementor-element elementor-element-7bc2b7b sc_fly_static elementor-widget elementor-widget-spacer\" data-id=\"7bc2b7b\" data-element_type=\"widget\" data-e-type=\"widget\" data-widget_type=\"spacer.default\">\n\t\t\t\t<div class=\"elementor-widget-container\">\n\t\t\t\t\t\t\t<div class=\"elementor-spacer\">\n\t\t\t<div class=\"elementor-spacer-inner\"><\/div>\n\t\t<\/div>\n\t\t\t\t\t\t<\/div>\n\t\t\t\t<\/div>\n\t\t\t\t<div class=\"elementor-element elementor-element-5a7026e elementor-widget__width-inherit sc_fly_static elementor-widget elementor-widget-image\" data-id=\"5a7026e\" data-element_type=\"widget\" data-e-type=\"widget\" data-widget_type=\"image.default\">\n\t\t\t\t<div class=\"elementor-widget-container\">\n\t\t\t\t\t\t\t\t\t\t\t\t\t\t\t<img decoding=\"async\" width=\"662\" height=\"576\" src=\"https:\/\/deniz.bosphorusboatshow.com\/wp-content\/uploads\/sites\/3\/2023\/09\/0005_bosphorus-boat-show-deniz-galeri-5-1024x576-1.jpg\" class=\"attachment-large size-large wp-image-3522\" alt=\"\" srcset=\"https:\/\/deniz.bosphorusboatshow.com\/wp-content\/uploads\/sites\/3\/2023\/09\/0005_bosphorus-boat-show-deniz-galeri-5-1024x576-1.jpg 662w, https:\/\/deniz.bosphorusboatshow.com\/wp-content\/uploads\/sites\/3\/2023\/09\/0005_bosphorus-boat-show-deniz-galeri-5-1024x576-1-300x261.jpg 300w, https:\/\/deniz.bosphorusboatshow.com\/wp-content\/uploads\/sites\/3\/2023\/09\/0005_bosphorus-boat-show-deniz-galeri-5-1024x576-1-370x322.jpg 370w\" sizes=\"(max-width: 767px) 100vw, 662px\" \/>\t\t\t\t\t\t\t\t\t\t\t\t\t\t\t<\/div>\n\t\t\t\t<\/div>\n\t\t\t\t\t<\/div>\n\t\t<\/div>\n\t\t\t\t\t<\/div>\n\t\t<\/section>\n\t\t\t\t\t<\/div>\n\t\t<\/div>\n\t\t\t\t\t<\/div>\n\t\t<\/section>\n\t\t\t\t<section data-particle_enable=\"false\" data-particle-mobile-disabled=\"false\" class=\"elementor-section elementor-top-section elementor-element elementor-element-8b1c0a5 sc_layouts_hide_on_wide sc_layouts_hide_on_desktop sc_layouts_hide_on_notebook sc_layouts_hide_on_tablet elementor-section-boxed elementor-section-height-default elementor-section-height-default sc_fly_static\" data-id=\"8b1c0a5\" data-element_type=\"section\" data-e-type=\"section\">\n\t\t\t\t\t\t<div class=\"elementor-container elementor-column-gap-extended\">\n\t\t\t\t\t<div class=\"elementor-column elementor-col-100 elementor-top-column elementor-element elementor-element-1bc311d sc_inner_width_none sc_content_align_inherit sc_layouts_column_icons_position_left sc_fly_static\" data-id=\"1bc311d\" data-element_type=\"column\" data-e-type=\"column\">\n\t\t\t<div class=\"elementor-widget-wrap elementor-element-populated\">\n\t\t\t\t\t\t<div class=\"elementor-element elementor-element-9c1dc21 sc_fly_static elementor-widget elementor-widget-spacer\" data-id=\"9c1dc21\" data-element_type=\"widget\" data-e-type=\"widget\" data-widget_type=\"spacer.default\">\n\t\t\t\t<div class=\"elementor-widget-container\">\n\t\t\t\t\t\t\t<div class=\"elementor-spacer\">\n\t\t\t<div class=\"elementor-spacer-inner\"><\/div>\n\t\t<\/div>\n\t\t\t\t\t\t<\/div>\n\t\t\t\t<\/div>\n\t\t\t\t<div class=\"elementor-element elementor-element-510b687 sc_fly_static elementor-widget elementor-widget-trx_sc_title\" data-id=\"510b687\" data-element_type=\"widget\" data-e-type=\"widget\" data-widget_type=\"trx_sc_title.default\">\n\t\t\t\t<div class=\"elementor-widget-container\">\n\t\t\t\t\t<div\t\tclass=\"sc_title sc_title_default\"><h5 class=\"sc_item_title sc_title_title sc_item_title_style_default sc_item_title_tag\"\n\t\t\t><span class=\"sc_item_title_text\">Kat\u0131l\u0131mc\u0131 Profili<\/span><\/h5><\/div>\t\t\t\t<\/div>\n\t\t\t\t<\/div>\n\t\t\t\t<div class=\"elementor-element elementor-element-c78ed73 sc_fly_static elementor-widget elementor-widget-spacer\" data-id=\"c78ed73\" data-element_type=\"widget\" data-e-type=\"widget\" data-widget_type=\"spacer.default\">\n\t\t\t\t<div class=\"elementor-widget-container\">\n\t\t\t\t\t\t\t<div class=\"elementor-spacer\">\n\t\t\t<div class=\"elementor-spacer-inner\"><\/div>\n\t\t<\/div>\n\t\t\t\t\t\t<\/div>\n\t\t\t\t<\/div>\n\t\t\t\t\t<\/div>\n\t\t<\/div>\n\t\t\t\t\t<\/div>\n\t\t<\/section>\n\t\t\t\t<section data-particle_enable=\"false\" data-particle-mobile-disabled=\"false\" class=\"elementor-section elementor-top-section elementor-element elementor-element-a931fee sc_layouts_hide_on_wide sc_layouts_hide_on_desktop sc_layouts_hide_on_notebook sc_layouts_hide_on_tablet elementor-section-boxed elementor-section-height-default elementor-section-height-default sc_fly_static\" data-id=\"a931fee\" data-element_type=\"section\" data-e-type=\"section\">\n\t\t\t\t\t\t<div class=\"elementor-container elementor-column-gap-extended\">\n\t\t\t\t\t<div class=\"elementor-column elementor-col-100 elementor-top-column elementor-element elementor-element-1be1e2b sc_inner_width_none sc_content_align_inherit sc_layouts_column_icons_position_left sc_fly_static\" data-id=\"1be1e2b\" data-element_type=\"column\" data-e-type=\"column\">\n\t\t\t<div class=\"elementor-widget-wrap elementor-element-populated\">\n\t\t\t\t\t\t<section data-particle_enable=\"false\" data-particle-mobile-disabled=\"false\" class=\"elementor-section elementor-inner-section elementor-element elementor-element-fbb6d6c elementor-section-boxed elementor-section-height-default elementor-section-height-default sc_fly_static\" data-id=\"fbb6d6c\" data-element_type=\"section\" data-e-type=\"section\">\n\t\t\t\t\t\t<div class=\"elementor-container elementor-column-gap-extended\">\n\t\t\t\t\t<div class=\"elementor-column elementor-col-50 elementor-inner-column elementor-element elementor-element-7d312cd sc_inner_width_none sc_content_align_inherit sc_layouts_column_icons_position_left sc_fly_static\" data-id=\"7d312cd\" data-element_type=\"column\" data-e-type=\"column\">\n\t\t\t<div class=\"elementor-widget-wrap elementor-element-populated\">\n\t\t\t\t\t\t<div class=\"elementor-element elementor-element-295bbd9 sc_fly_static elementor-widget elementor-widget-spacer\" data-id=\"295bbd9\" data-element_type=\"widget\" data-e-type=\"widget\" data-widget_type=\"spacer.default\">\n\t\t\t\t<div class=\"elementor-widget-container\">\n\t\t\t\t\t\t\t<div class=\"elementor-spacer\">\n\t\t\t<div class=\"elementor-spacer-inner\"><\/div>\n\t\t<\/div>\n\t\t\t\t\t\t<\/div>\n\t\t\t\t<\/div>\n\t\t\t\t<div class=\"elementor-element elementor-element-fc5c0ab sc_fly_static elementor-widget elementor-widget-text-editor\" data-id=\"fc5c0ab\" data-element_type=\"widget\" data-e-type=\"widget\" data-widget_type=\"text-editor.default\">\n\t\t\t\t<div class=\"elementor-widget-container\">\n\t\t\t\t\t\t\t\t\t<ul><li>Tekne (Motoryat, Yelkenli, Catamaran, Spor Boat, Megayat, S\u00fcrat Teknesi)<\/li><li>Bot<\/li><li>Tekne Motoru\u00a0<\/li><li>Tekne ekipman ve aksesuarlar\u0131<\/li><li>Deniz motosikleti<\/li><li>Deniz oyuncaklar\u0131<\/li><li>Dal\u0131\u015f malzemeleri<\/li><li>Bal\u0131k\u00e7\u0131l\u0131k malzemeleri<\/li><li>Leasing ve sigorta kurulu\u015flar\u0131<\/li><li>Kara &#8211; deniz ara\u00e7lar\u0131 ve \u00a0ekipmanlar\u0131<\/li><\/ul>\t\t\t\t\t\t\t\t<\/div>\n\t\t\t\t<\/div>\n\t\t\t\t\t<\/div>\n\t\t<\/div>\n\t\t\t\t<div class=\"elementor-column elementor-col-50 elementor-inner-column elementor-element elementor-element-030ab04 sc_inner_width_none sc_content_align_inherit sc_layouts_column_icons_position_left sc_fly_static\" data-id=\"030ab04\" data-element_type=\"column\" data-e-type=\"column\">\n\t\t\t<div class=\"elementor-widget-wrap elementor-element-populated\">\n\t\t\t\t\t\t<div class=\"elementor-element elementor-element-6402fd5 sc_fly_static elementor-widget elementor-widget-spacer\" data-id=\"6402fd5\" data-element_type=\"widget\" data-e-type=\"widget\" data-widget_type=\"spacer.default\">\n\t\t\t\t<div class=\"elementor-widget-container\">\n\t\t\t\t\t\t\t<div class=\"elementor-spacer\">\n\t\t\t<div class=\"elementor-spacer-inner\"><\/div>\n\t\t<\/div>\n\t\t\t\t\t\t<\/div>\n\t\t\t\t<\/div>\n\t\t\t\t<div class=\"elementor-element elementor-element-020920d elementor-widget__width-inherit sc_fly_static elementor-widget elementor-widget-image\" data-id=\"020920d\" data-element_type=\"widget\" data-e-type=\"widget\" data-widget_type=\"image.default\">\n\t\t\t\t<div class=\"elementor-widget-container\">\n\t\t\t\t\t\t\t\t\t\t\t\t\t\t\t<img decoding=\"async\" width=\"662\" height=\"576\" src=\"https:\/\/deniz.bosphorusboatshow.com\/wp-content\/uploads\/sites\/3\/2023\/09\/0005_bosphorus-boat-show-deniz-galeri-5-1024x576-1.jpg\" class=\"attachment-large size-large wp-image-3522\" alt=\"\" srcset=\"https:\/\/deniz.bosphorusboatshow.com\/wp-content\/uploads\/sites\/3\/2023\/09\/0005_bosphorus-boat-show-deniz-galeri-5-1024x576-1.jpg 662w, https:\/\/deniz.bosphorusboatshow.com\/wp-content\/uploads\/sites\/3\/2023\/09\/0005_bosphorus-boat-show-deniz-galeri-5-1024x576-1-300x261.jpg 300w, https:\/\/deniz.bosphorusboatshow.com\/wp-content\/uploads\/sites\/3\/2023\/09\/0005_bosphorus-boat-show-deniz-galeri-5-1024x576-1-370x322.jpg 370w\" sizes=\"(max-width: 767px) 100vw, 662px\" \/>\t\t\t\t\t\t\t\t\t\t\t\t\t\t\t<\/div>\n\t\t\t\t<\/div>\n\t\t\t\t\t<\/div>\n\t\t<\/div>\n\t\t\t\t\t<\/div>\n\t\t<\/section>\n\t\t\t\t\t<\/div>\n\t\t<\/div>\n\t\t\t\t\t<\/div>\n\t\t<\/section>\n\t\t\t\t<section data-particle_enable=\"false\" data-particle-mobile-disabled=\"false\" class=\"elementor-section elementor-top-section elementor-element elementor-element-6377f92 elementor-section-boxed elementor-section-height-default elementor-section-height-default sc_fly_static\" data-id=\"6377f92\" data-element_type=\"section\" data-e-type=\"section\">\n\t\t\t\t\t\t<div class=\"elementor-container elementor-column-gap-extended\">\n\t\t\t\t\t<div class=\"elementor-column elementor-col-100 elementor-top-column elementor-element elementor-element-fc454b5 sc_inner_width_none sc_content_align_inherit sc_layouts_column_icons_position_left sc_fly_static\" data-id=\"fc454b5\" data-element_type=\"column\" data-e-type=\"column\">\n\t\t\t<div class=\"elementor-widget-wrap elementor-element-populated\">\n\t\t\t\t\t\t<div class=\"elementor-element elementor-element-c4095d3 sc_height_large sc_fly_static elementor-widget elementor-widget-spacer\" data-id=\"c4095d3\" data-element_type=\"widget\" data-e-type=\"widget\" data-widget_type=\"spacer.default\">\n\t\t\t\t<div class=\"elementor-widget-container\">\n\t\t\t\t\t\t\t<div class=\"elementor-spacer\">\n\t\t\t<div class=\"elementor-spacer-inner\"><\/div>\n\t\t<\/div>\n\t\t\t\t\t\t<\/div>\n\t\t\t\t<\/div>\n\t\t\t\t\t<\/div>\n\t\t<\/div>\n\t\t\t\t\t<\/div>\n\t\t<\/section>\n\t\t\t\t<section data-particle_enable=\"false\" data-particle-mobile-disabled=\"false\" class=\"elementor-section elementor-top-section elementor-element elementor-element-b7238ed elementor-section-boxed elementor-section-height-default elementor-section-height-default sc_fly_static\" data-id=\"b7238ed\" data-element_type=\"section\" data-e-type=\"section\">\n\t\t\t\t\t\t<div class=\"elementor-container elementor-column-gap-extended\">\n\t\t\t\t\t<div class=\"elementor-column elementor-col-100 elementor-top-column elementor-element elementor-element-6a91ca8 sc_inner_width_none sc_content_align_inherit sc_layouts_column_icons_position_left sc_fly_static\" data-id=\"6a91ca8\" data-element_type=\"column\" data-e-type=\"column\">\n\t\t\t<div class=\"elementor-widget-wrap elementor-element-populated\">\n\t\t\t\t\t\t<div class=\"elementor-element elementor-element-415586d sc_fly_static elementor-widget elementor-widget-text-editor\" data-id=\"415586d\" data-element_type=\"widget\" data-e-type=\"widget\" data-widget_type=\"text-editor.default\">\n\t\t\t\t<div class=\"elementor-widget-container\">\n\t\t\t\t\t\t\t\t\t<p>*BU FUAR <strong>5174 SAYILI KANUN GERE\u011e\u0130NCE<\/strong> TOBB (T\u00dcRK\u0130YE ODALAR VE BORSALAR B\u0130RL\u0130\u011e\u0130) DENET\u0130M\u0130NDE D\u00dcZENLENMEKTED\u0130R.<\/p>\t\t\t\t\t\t\t\t<\/div>\n\t\t\t\t<\/div>\n\t\t\t\t\t<\/div>\n\t\t<\/div>\n\t\t\t\t\t<\/div>\n\t\t<\/section>\n\t\t\t\t<\/div>\n\t\t","protected":false},"excerpt":{"rendered":"<p>Atak\u00f6y Marina, Bak\u0131rk\u00f6y 34158 \u00a0\u0130stanbul \/ Bak\u0131rk\u00f6y 0 (216) 524 15 70 Kat\u0131l\u0131mc\u0131 Profili Tekne (Motoryat, Yelkenli, Catamaran, Spor Boat, Megayat, S\u00fcrat Teknesi) Bot Tekne Motoru\u00a0 Tekne ekipman ve aksesuarlar\u0131&hellip;<\/p>\n","protected":false},"author":1,"featured_media":0,"parent":0,"menu_order":0,"comment_status":"closed","ping_status":"closed","template":"","meta":{"inline_featured_image":false,"footnotes":""},"class_list":["post-2608","page","type-page","status-publish","hentry"],"_links":{"self":[{"href":"https:\/\/deniz.bosphorusboatshow.com\/tr\/wp-json\/wp\/v2\/pages\/2608","targetHints":{"allow":["GET"]}}],"collection":[{"href":"https:\/\/deniz.bosphorusboatshow.com\/tr\/wp-json\/wp\/v2\/pages"}],"about":[{"href":"https:\/\/deniz.bosphorusboatshow.com\/tr\/wp-json\/wp\/v2\/types\/page"}],"author":[{"embeddable":true,"href":"https:\/\/deniz.bosphorusboatshow.com\/tr\/wp-json\/wp\/v2\/users\/1"}],"replies":[{"embeddable":true,"href":"https:\/\/deniz.bosphorusboatshow.com\/tr\/wp-json\/wp\/v2\/comments?post=2608"}],"version-history":[{"count":202,"href":"https:\/\/deniz.bosphorusboatshow.com\/tr\/wp-json\/wp\/v2\/pages\/2608\/revisions"}],"predecessor-version":[{"id":8337,"href":"https:\/\/deniz.bosphorusboatshow.com\/tr\/wp-json\/wp\/v2\/pages\/2608\/revisions\/8337"}],"wp:attachment":[{"href":"https:\/\/deniz.bosphorusboatshow.com\/tr\/wp-json\/wp\/v2\/media?parent=2608"}],"curies":[{"name":"wp","href":"https:\/\/api.w.org\/{rel}","templated":true}]}}