{"id":2615,"date":"2023-08-28T14:24:58","date_gmt":"2023-08-28T11:24:58","guid":{"rendered":"http:\/\/deniz.bosphorusboatshow.com\/?page_id=2615"},"modified":"2025-07-16T11:00:26","modified_gmt":"2025-07-16T08:00:26","slug":"neden-katilmalisiniz","status":"publish","type":"page","link":"https:\/\/deniz.bosphorusboatshow.com\/tr\/neden-katilmalisiniz\/","title":{"rendered":"Neden Kat\u0131lmal\u0131s\u0131n\u0131z?"},"content":{"rendered":"\t\t<div data-elementor-type=\"wp-post\" data-elementor-id=\"2615\" class=\"elementor elementor-2615\" data-elementor-post-type=\"page\">\n\t\t\t\t\t\t<section data-particle_enable=\"false\" data-particle-mobile-disabled=\"false\" class=\"elementor-section elementor-top-section elementor-element elementor-element-d6ba234 elementor-section-boxed elementor-section-height-default elementor-section-height-default sc_fly_static\" data-id=\"d6ba234\" data-element_type=\"section\" data-e-type=\"section\">\n\t\t\t\t\t\t<div class=\"elementor-container elementor-column-gap-extended\">\n\t\t\t\t\t<div class=\"elementor-column elementor-col-100 elementor-top-column elementor-element elementor-element-24552e5 sc_inner_width_none sc_content_align_inherit sc_layouts_column_icons_position_left sc_fly_static\" data-id=\"24552e5\" data-element_type=\"column\" data-e-type=\"column\">\n\t\t\t<div class=\"elementor-widget-wrap elementor-element-populated\">\n\t\t\t\t\t\t<div class=\"elementor-element elementor-element-b9d8129 sc_height_large sc_fly_static elementor-widget elementor-widget-spacer\" data-id=\"b9d8129\" data-element_type=\"widget\" data-e-type=\"widget\" data-widget_type=\"spacer.default\">\n\t\t\t\t<div class=\"elementor-widget-container\">\n\t\t\t\t\t\t\t<div class=\"elementor-spacer\">\n\t\t\t<div class=\"elementor-spacer-inner\"><\/div>\n\t\t<\/div>\n\t\t\t\t\t\t<\/div>\n\t\t\t\t<\/div>\n\t\t\t\t\t<\/div>\n\t\t<\/div>\n\t\t\t\t\t<\/div>\n\t\t<\/section>\n\t\t\t\t<section data-particle_enable=\"false\" data-particle-mobile-disabled=\"false\" class=\"elementor-section elementor-top-section elementor-element elementor-element-83fc9ca elementor-section-boxed elementor-section-height-default elementor-section-height-default sc_fly_static\" data-id=\"83fc9ca\" data-element_type=\"section\" data-e-type=\"section\">\n\t\t\t\t\t\t<div class=\"elementor-container elementor-column-gap-extended\">\n\t\t\t\t\t<div class=\"elementor-column elementor-col-50 elementor-top-column elementor-element elementor-element-d025e9f sc_inner_width_none sc_content_align_inherit sc_layouts_column_icons_position_left sc_fly_static\" data-id=\"d025e9f\" data-element_type=\"column\" data-e-type=\"column\">\n\t\t\t<div class=\"elementor-widget-wrap elementor-element-populated\">\n\t\t\t\t\t\t<div class=\"elementor-element elementor-element-af670f6 sc_fly_static elementor-widget elementor-widget-image\" data-id=\"af670f6\" data-element_type=\"widget\" data-e-type=\"widget\" data-widget_type=\"image.default\">\n\t\t\t\t<div class=\"elementor-widget-container\">\n\t\t\t\t\t\t\t\t\t\t\t\t\t\t\t<img fetchpriority=\"high\" decoding=\"async\" width=\"1024\" height=\"576\" src=\"https:\/\/deniz.bosphorusboatshow.com\/wp-content\/uploads\/sites\/3\/2023\/09\/bosphorus-boat_show-galeri-6-1024x576.jpg\" class=\"attachment-large size-large wp-image-4520\" alt=\"\" srcset=\"https:\/\/deniz.bosphorusboatshow.com\/wp-content\/uploads\/sites\/3\/2023\/09\/bosphorus-boat_show-galeri-6-1024x576.jpg 1024w, https:\/\/deniz.bosphorusboatshow.com\/wp-content\/uploads\/sites\/3\/2023\/09\/bosphorus-boat_show-galeri-6-300x169.jpg 300w, https:\/\/deniz.bosphorusboatshow.com\/wp-content\/uploads\/sites\/3\/2023\/09\/bosphorus-boat_show-galeri-6-768x432.jpg 768w, https:\/\/deniz.bosphorusboatshow.com\/wp-content\/uploads\/sites\/3\/2023\/09\/bosphorus-boat_show-galeri-6-1536x864.jpg 1536w, https:\/\/deniz.bosphorusboatshow.com\/wp-content\/uploads\/sites\/3\/2023\/09\/bosphorus-boat_show-galeri-6-370x208.jpg 370w, https:\/\/deniz.bosphorusboatshow.com\/wp-content\/uploads\/sites\/3\/2023\/09\/bosphorus-boat_show-galeri-6-1170x658.jpg 1170w, https:\/\/deniz.bosphorusboatshow.com\/wp-content\/uploads\/sites\/3\/2023\/09\/bosphorus-boat_show-galeri-6-760x428.jpg 760w, https:\/\/deniz.bosphorusboatshow.com\/wp-content\/uploads\/sites\/3\/2023\/09\/bosphorus-boat_show-galeri-6-270x152.jpg 270w, https:\/\/deniz.bosphorusboatshow.com\/wp-content\/uploads\/sites\/3\/2023\/09\/bosphorus-boat_show-galeri-6.jpg 1920w\" sizes=\"(max-width: 1024px) 100vw, 1024px\" \/>\t\t\t\t\t\t\t\t\t\t\t\t\t\t\t<\/div>\n\t\t\t\t<\/div>\n\t\t\t\t<div class=\"elementor-element elementor-element-1ad1a27 sc_layouts_hide_on_wide sc_layouts_hide_on_desktop sc_layouts_hide_on_notebook sc_layouts_hide_on_tablet sc_fly_static elementor-widget elementor-widget-spacer\" data-id=\"1ad1a27\" data-element_type=\"widget\" data-e-type=\"widget\" data-widget_type=\"spacer.default\">\n\t\t\t\t<div class=\"elementor-widget-container\">\n\t\t\t\t\t\t\t<div class=\"elementor-spacer\">\n\t\t\t<div class=\"elementor-spacer-inner\"><\/div>\n\t\t<\/div>\n\t\t\t\t\t\t<\/div>\n\t\t\t\t<\/div>\n\t\t\t\t\t<\/div>\n\t\t<\/div>\n\t\t\t\t<div class=\"elementor-column elementor-col-50 elementor-top-column elementor-element elementor-element-0b6611c sc_inner_width_none sc_content_align_inherit sc_layouts_column_icons_position_left sc_fly_static\" data-id=\"0b6611c\" data-element_type=\"column\" data-e-type=\"column\">\n\t\t\t<div class=\"elementor-widget-wrap elementor-element-populated\">\n\t\t\t\t\t\t<div class=\"elementor-element elementor-element-c06483a sc_fly_static elementor-widget elementor-widget-text-editor\" data-id=\"c06483a\" data-element_type=\"widget\" data-e-type=\"widget\" data-widget_type=\"text-editor.default\">\n\t\t\t\t<div class=\"elementor-widget-container\">\n\t\t\t\t\t\t\t\t\t<p>Bosphorus Boat Show Deniz, sekt\u00f6r\u00fcn lider markalar\u0131n\u0131 ve her ihtiyaca, zevke uygun tekneyi bir araya getiren, ekipman ve aksesuar \u00e7e\u015fitleri olarak zengin \u00e7e\u015fitlili\u011fi ile ziyaret\u00e7iye arad\u0131\u011f\u0131n\u0131 bulmas\u0131n\u0131 sa\u011flayan yepyeni bir bak\u0131\u015f a\u00e7\u0131s\u0131 ile organize edilecek olan fuard\u0131r.<\/p><p>Y\u0131llarca edinilen tecr\u00fcbe ve Atak\u00f6y Marina\u2019n\u0131n lokasyonunun kolayl\u0131\u011f\u0131, ziyaret\u00e7iye al\u0131\u015ft\u0131\u011f\u0131 eski dopdolu fuarlar\u0131 yeniden sunacak.<\/p><p>\u0130stanbul\u2019un Avrupa Yakas\u0131n\u0131n merkezine yak\u0131n ve Avrupa \u2013 Anadolu i\u00e7in kolay ula\u015f\u0131m\u0131n noktas\u0131 olan Atak\u00f6y hem kat\u0131l\u0131mc\u0131 hem ziyaret\u00e7i i\u00e7in Boat Show\u2019 un merkezi olmaya haz\u0131rlan\u0131yor. Bu s\u00fcre\u00e7te en ba\u015f\u0131ndan itibaren yer al\u0131p t\u00fcm avantajlardan faydalanabilirsiniz.<\/p>\t\t\t\t\t\t\t\t<\/div>\n\t\t\t\t<\/div>\n\t\t\t\t<div class=\"elementor-element elementor-element-2c4af67 scheme_default sc_fly_static elementor-widget elementor-widget-trx_sc_button\" data-id=\"2c4af67\" data-element_type=\"widget\" data-e-type=\"widget\" data-widget_type=\"trx_sc_button.default\">\n\t\t\t\t<div class=\"elementor-widget-container\">\n\t\t\t\t\t<div\tclass=\"sc_item_button sc_button_wrap\"><a href=\"https:\/\/deniz.bosphorusboatshow.com\/tr\/bilet-al\/\" class=\"sc_button sc_button_bordered sc_button_size_small sc_button_icon_left color_style_dark\" target=\"_blank\"><span class=\"sc_button_text\"><span class=\"sc_button_title\">Bilet Al<\/span><\/span><\/a><\/div>\t\t\t\t<\/div>\n\t\t\t\t<\/div>\n\t\t\t\t\t<\/div>\n\t\t<\/div>\n\t\t\t\t\t<\/div>\n\t\t<\/section>\n\t\t\t\t<\/div>\n\t\t","protected":false},"excerpt":{"rendered":"<p>Bosphorus Boat Show Deniz, sekt\u00f6r\u00fcn lider markalar\u0131n\u0131 ve her ihtiyaca, zevke uygun tekneyi bir araya getiren, ekipman ve aksesuar \u00e7e\u015fitleri olarak zengin \u00e7e\u015fitlili\u011fi ile ziyaret\u00e7iye arad\u0131\u011f\u0131n\u0131 bulmas\u0131n\u0131 sa\u011flayan yepyeni bir&hellip;<\/p>\n","protected":false},"author":1,"featured_media":0,"parent":0,"menu_order":0,"comment_status":"closed","ping_status":"closed","template":"","meta":{"inline_featured_image":false,"footnotes":""},"class_list":["post-2615","page","type-page","status-publish","hentry"],"_links":{"self":[{"href":"https:\/\/deniz.bosphorusboatshow.com\/tr\/wp-json\/wp\/v2\/pages\/2615","targetHints":{"allow":["GET"]}}],"collection":[{"href":"https:\/\/deniz.bosphorusboatshow.com\/tr\/wp-json\/wp\/v2\/pages"}],"about":[{"href":"https:\/\/deniz.bosphorusboatshow.com\/tr\/wp-json\/wp\/v2\/types\/page"}],"author":[{"embeddable":true,"href":"https:\/\/deniz.bosphorusboatshow.com\/tr\/wp-json\/wp\/v2\/users\/1"}],"replies":[{"embeddable":true,"href":"https:\/\/deniz.bosphorusboatshow.com\/tr\/wp-json\/wp\/v2\/comments?post=2615"}],"version-history":[{"count":25,"href":"https:\/\/deniz.bosphorusboatshow.com\/tr\/wp-json\/wp\/v2\/pages\/2615\/revisions"}],"predecessor-version":[{"id":7286,"href":"https:\/\/deniz.bosphorusboatshow.com\/tr\/wp-json\/wp\/v2\/pages\/2615\/revisions\/7286"}],"wp:attachment":[{"href":"https:\/\/deniz.bosphorusboatshow.com\/tr\/wp-json\/wp\/v2\/media?parent=2615"}],"curies":[{"name":"wp","href":"https:\/\/api.w.org\/{rel}","templated":true}]}}