{"id":2660,"date":"2023-08-28T14:58:02","date_gmt":"2023-08-28T11:58:02","guid":{"rendered":"http:\/\/deniz.bosphorusboatshow.com\/?page_id=2660"},"modified":"2025-12-24T14:23:34","modified_gmt":"2025-12-24T11:23:34","slug":"fuar-cevresi","status":"publish","type":"page","link":"https:\/\/deniz.bosphorusboatshow.com\/tr\/fuar-cevresi\/","title":{"rendered":"Fuar \u00c7evresi"},"content":{"rendered":"\t\t<div data-elementor-type=\"wp-post\" data-elementor-id=\"2660\" class=\"elementor elementor-2660\" data-elementor-post-type=\"page\">\n\t\t\t\t\t\t<section data-particle_enable=\"false\" data-particle-mobile-disabled=\"false\" class=\"elementor-section elementor-top-section elementor-element elementor-element-d6ba234 elementor-section-boxed elementor-section-height-default elementor-section-height-default sc_fly_static\" data-id=\"d6ba234\" data-element_type=\"section\" data-e-type=\"section\">\n\t\t\t\t\t\t<div class=\"elementor-container elementor-column-gap-extended\">\n\t\t\t\t\t<div class=\"elementor-column elementor-col-100 elementor-top-column elementor-element elementor-element-24552e5 sc_inner_width_none sc_content_align_inherit sc_layouts_column_icons_position_left sc_fly_static\" data-id=\"24552e5\" data-element_type=\"column\" data-e-type=\"column\">\n\t\t\t<div class=\"elementor-widget-wrap elementor-element-populated\">\n\t\t\t\t\t\t<div class=\"elementor-element elementor-element-b9d8129 sc_height_large sc_fly_static elementor-widget elementor-widget-spacer\" data-id=\"b9d8129\" data-element_type=\"widget\" data-e-type=\"widget\" data-widget_type=\"spacer.default\">\n\t\t\t\t<div class=\"elementor-widget-container\">\n\t\t\t\t\t\t\t<div class=\"elementor-spacer\">\n\t\t\t<div class=\"elementor-spacer-inner\"><\/div>\n\t\t<\/div>\n\t\t\t\t\t\t<\/div>\n\t\t\t\t<\/div>\n\t\t\t\t\t<\/div>\n\t\t<\/div>\n\t\t\t\t\t<\/div>\n\t\t<\/section>\n\t\t\t\t<section data-particle_enable=\"false\" data-particle-mobile-disabled=\"false\" class=\"elementor-section elementor-top-section elementor-element elementor-element-e7c8c5d elementor-section-boxed elementor-section-height-default elementor-section-height-default sc_fly_static\" data-id=\"e7c8c5d\" data-element_type=\"section\" data-e-type=\"section\">\n\t\t\t\t\t\t<div class=\"elementor-container elementor-column-gap-extended\">\n\t\t\t\t\t<div class=\"elementor-column elementor-col-50 elementor-top-column elementor-element elementor-element-10d136f sc_inner_width_none sc_content_align_inherit sc_layouts_column_icons_position_left sc_fly_static\" data-id=\"10d136f\" data-element_type=\"column\" data-e-type=\"column\">\n\t\t\t<div class=\"elementor-widget-wrap elementor-element-populated\">\n\t\t\t\t\t\t<div class=\"elementor-element elementor-element-e37ad03 sc_fly_static elementor-widget elementor-widget-image\" data-id=\"e37ad03\" data-element_type=\"widget\" data-e-type=\"widget\" data-widget_type=\"image.default\">\n\t\t\t\t<div class=\"elementor-widget-container\">\n\t\t\t\t\t\t\t\t\t\t\t\t\t\t\t<img fetchpriority=\"high\" decoding=\"async\" width=\"1024\" height=\"577\" src=\"https:\/\/deniz.bosphorusboatshow.com\/wp-content\/uploads\/sites\/3\/2025\/08\/atakoy-marina-1024x577.jpg\" class=\"attachment-large size-large wp-image-7831\" alt=\"\" srcset=\"https:\/\/deniz.bosphorusboatshow.com\/wp-content\/uploads\/sites\/3\/2025\/08\/atakoy-marina-1024x577.jpg 1024w, https:\/\/deniz.bosphorusboatshow.com\/wp-content\/uploads\/sites\/3\/2025\/08\/atakoy-marina-300x169.jpg 300w, https:\/\/deniz.bosphorusboatshow.com\/wp-content\/uploads\/sites\/3\/2025\/08\/atakoy-marina-768x433.jpg 768w, https:\/\/deniz.bosphorusboatshow.com\/wp-content\/uploads\/sites\/3\/2025\/08\/atakoy-marina-370x208.jpg 370w, https:\/\/deniz.bosphorusboatshow.com\/wp-content\/uploads\/sites\/3\/2025\/08\/atakoy-marina-1170x658.jpg 1170w, https:\/\/deniz.bosphorusboatshow.com\/wp-content\/uploads\/sites\/3\/2025\/08\/atakoy-marina-760x428.jpg 760w, https:\/\/deniz.bosphorusboatshow.com\/wp-content\/uploads\/sites\/3\/2025\/08\/atakoy-marina-270x152.jpg 270w, https:\/\/deniz.bosphorusboatshow.com\/wp-content\/uploads\/sites\/3\/2025\/08\/atakoy-marina.jpg 1521w\" sizes=\"(max-width: 1024px) 100vw, 1024px\" \/>\t\t\t\t\t\t\t\t\t\t\t\t\t\t\t<\/div>\n\t\t\t\t<\/div>\n\t\t\t\t<div class=\"elementor-element elementor-element-0e0e8c9 sc_layouts_hide_on_wide sc_layouts_hide_on_desktop sc_layouts_hide_on_notebook sc_layouts_hide_on_tablet sc_fly_static elementor-widget elementor-widget-spacer\" data-id=\"0e0e8c9\" data-element_type=\"widget\" data-e-type=\"widget\" data-widget_type=\"spacer.default\">\n\t\t\t\t<div class=\"elementor-widget-container\">\n\t\t\t\t\t\t\t<div class=\"elementor-spacer\">\n\t\t\t<div class=\"elementor-spacer-inner\"><\/div>\n\t\t<\/div>\n\t\t\t\t\t\t<\/div>\n\t\t\t\t<\/div>\n\t\t\t\t\t<\/div>\n\t\t<\/div>\n\t\t\t\t<div class=\"elementor-column elementor-col-50 elementor-top-column elementor-element elementor-element-b4fb9d0 sc_inner_width_none sc_content_align_inherit sc_layouts_column_icons_position_left sc_fly_static\" data-id=\"b4fb9d0\" data-element_type=\"column\" data-e-type=\"column\">\n\t\t\t<div class=\"elementor-widget-wrap elementor-element-populated\">\n\t\t\t\t\t\t<div class=\"elementor-element elementor-element-f2f30cc sc_fly_static elementor-widget elementor-widget-text-editor\" data-id=\"f2f30cc\" data-element_type=\"widget\" data-e-type=\"widget\" data-widget_type=\"text-editor.default\">\n\t\t\t\t<div class=\"elementor-widget-container\">\n\t\t\t\t\t\t\t\t\t<p>Bu y\u0131l 17 \u2013 25 Ekim 2026 tarihleri aras\u0131nda d\u00fczenlenecek olan Bosphorus Boat Show Deniz Fuar\u0131\u2019n\u0131n ger\u00e7ekle\u015ftirilece\u011fi Atak\u00f6y Marina, uluslararas\u0131 havaliman\u0131 ve \u0130stanbul\u2019un \u00fc\u00e7\u00fcnc\u00fc b\u00fcy\u00fck marinas\u0131yla T\u00fcrkiye\u2019nin \u00f6nemli il\u00e7elerinden biri olarak g\u00f6ze \u00e7arpan Bak\u0131rk\u00f6y\u2019de konumlan\u0131yor. Avrupa yakas\u0131nda \u0130stanbul\u2019un en merkezi lokasyonlar\u0131ndan birine sahip olan Atak\u00f6y birinci s\u0131n\u0131f konumu, kat\u0131l\u0131mc\u0131lara ve merakl\u0131lara denizle ilgili her \u015feyi bir arada deneyimlemeleri i\u00e7in m\u00fckemmel bir ortam sa\u011fl\u0131yor. Atak\u00f6y\u2019\u00fcn pitoresk k\u0131y\u0131lar\u0131, ziyaret\u00e7ilere tertemiz sularla \u00e7evrili muhte\u015fem bir ortam ve canl\u0131 bir tekne k\u00fclt\u00fcr\u00fc sunuyor.<\/p>\t\t\t\t\t\t\t\t<\/div>\n\t\t\t\t<\/div>\n\t\t\t\t\t<\/div>\n\t\t<\/div>\n\t\t\t\t\t<\/div>\n\t\t<\/section>\n\t\t\t\t<section data-particle_enable=\"false\" data-particle-mobile-disabled=\"false\" class=\"elementor-section elementor-top-section elementor-element elementor-element-9e2498c elementor-section-boxed elementor-section-height-default elementor-section-height-default sc_fly_static\" data-id=\"9e2498c\" data-element_type=\"section\" data-e-type=\"section\">\n\t\t\t\t\t\t<div class=\"elementor-container elementor-column-gap-extended\">\n\t\t\t\t\t<div class=\"elementor-column elementor-col-100 elementor-top-column elementor-element elementor-element-542b2a5 sc_inner_width_none sc_content_align_inherit sc_layouts_column_icons_position_left sc_fly_static\" data-id=\"542b2a5\" data-element_type=\"column\" data-e-type=\"column\">\n\t\t\t<div class=\"elementor-widget-wrap elementor-element-populated\">\n\t\t\t\t\t\t<div class=\"elementor-element elementor-element-353883c sc_fly_static elementor-widget elementor-widget-spacer\" data-id=\"353883c\" data-element_type=\"widget\" data-e-type=\"widget\" data-widget_type=\"spacer.default\">\n\t\t\t\t<div class=\"elementor-widget-container\">\n\t\t\t\t\t\t\t<div class=\"elementor-spacer\">\n\t\t\t<div class=\"elementor-spacer-inner\"><\/div>\n\t\t<\/div>\n\t\t\t\t\t\t<\/div>\n\t\t\t\t<\/div>\n\t\t\t\t\t<\/div>\n\t\t<\/div>\n\t\t\t\t\t<\/div>\n\t\t<\/section>\n\t\t\t\t<section data-particle_enable=\"false\" data-particle-mobile-disabled=\"false\" class=\"elementor-section elementor-top-section elementor-element elementor-element-50df5c7 elementor-section-boxed elementor-section-height-default elementor-section-height-default sc_fly_static\" data-id=\"50df5c7\" data-element_type=\"section\" data-e-type=\"section\">\n\t\t\t\t\t\t<div class=\"elementor-container elementor-column-gap-extended\">\n\t\t\t\t\t<div class=\"elementor-column elementor-col-50 elementor-top-column elementor-element elementor-element-931eb0a sc_inner_width_none sc_content_align_inherit sc_layouts_column_icons_position_left sc_fly_static\" data-id=\"931eb0a\" data-element_type=\"column\" data-e-type=\"column\">\n\t\t\t<div class=\"elementor-widget-wrap elementor-element-populated\">\n\t\t\t\t\t\t<div class=\"elementor-element elementor-element-8f8dbd7 sc_fly_static elementor-widget elementor-widget-text-editor\" data-id=\"8f8dbd7\" data-element_type=\"widget\" data-e-type=\"widget\" data-widget_type=\"text-editor.default\">\n\t\t\t\t<div class=\"elementor-widget-container\">\n\t\t\t\t\t\t\t\t\t<p>Lokasyonun kolayl\u0131\u011f\u0131 ve ula\u015f\u0131m se\u00e7eneklerinin fazlal\u0131\u011f\u0131 Atak\u00f6y\u2019\u00fc e\u015fsiz k\u0131l\u0131yor. Uluslararas\u0131 kara, hava ve deniz yoluyla ula\u015f\u0131ma imk\u00e2n sa\u011flayan Atak\u00f6y, bu anlamda e\u015fsiz bir ula\u015f\u0131m kolayl\u0131\u011f\u0131 \u00f6zelli\u011fini ta\u015f\u0131yor. \u0130stanbul Havaliman\u0131 ve deniz yolu terminaline olduk\u00e7a yak\u0131n mesafede olan Atak\u00f6y, ayn\u0131 zamanda Y\u00fcksek H\u0131zl\u0131 Tren \u0130stasyonunun merkezi konumunda yer alan Bak\u0131rk\u00f6y\u2019e de olduk\u00e7a yak\u0131n konumda bulunuyor. Avrupa yakas\u0131na metro, metrob\u00fcs ve Marmaray se\u00e7enekleriyle entegre edilen Bak\u0131rk\u00f6y, hem \u015fehir i\u00e7i hem de \u015fehir ve yurt d\u0131\u015f\u0131ndan gelen ziyaret\u00e7ilere sa\u011flad\u0131\u011f\u0131 benzersiz rahatl\u0131kla \u00f6ne \u00e7\u0131k\u0131yor.<\/p>\t\t\t\t\t\t\t\t<\/div>\n\t\t\t\t<\/div>\n\t\t\t\t\t<\/div>\n\t\t<\/div>\n\t\t\t\t<div class=\"elementor-column elementor-col-50 elementor-top-column elementor-element elementor-element-71ca693 sc_inner_width_none sc_content_align_inherit sc_layouts_column_icons_position_left sc_fly_static\" data-id=\"71ca693\" data-element_type=\"column\" data-e-type=\"column\">\n\t\t\t<div class=\"elementor-widget-wrap elementor-element-populated\">\n\t\t\t\t\t\t<div class=\"elementor-element elementor-element-e819848 sc_fly_static elementor-widget elementor-widget-image\" data-id=\"e819848\" data-element_type=\"widget\" data-e-type=\"widget\" data-widget_type=\"image.default\">\n\t\t\t\t<div class=\"elementor-widget-container\">\n\t\t\t\t\t\t\t\t\t\t\t\t\t\t\t<img decoding=\"async\" width=\"1024\" height=\"683\" src=\"https:\/\/deniz.bosphorusboatshow.com\/wp-content\/uploads\/sites\/3\/2025\/08\/273A8196-1024x683.jpg\" class=\"attachment-large size-large wp-image-7833\" alt=\"\" srcset=\"https:\/\/deniz.bosphorusboatshow.com\/wp-content\/uploads\/sites\/3\/2025\/08\/273A8196-1024x683.jpg 1024w, https:\/\/deniz.bosphorusboatshow.com\/wp-content\/uploads\/sites\/3\/2025\/08\/273A8196-300x200.jpg 300w, https:\/\/deniz.bosphorusboatshow.com\/wp-content\/uploads\/sites\/3\/2025\/08\/273A8196-768x512.jpg 768w, https:\/\/deniz.bosphorusboatshow.com\/wp-content\/uploads\/sites\/3\/2025\/08\/273A8196-1536x1024.jpg 1536w, https:\/\/deniz.bosphorusboatshow.com\/wp-content\/uploads\/sites\/3\/2025\/08\/273A8196-2048x1365.jpg 2048w, https:\/\/deniz.bosphorusboatshow.com\/wp-content\/uploads\/sites\/3\/2025\/08\/273A8196-370x247.jpg 370w, https:\/\/deniz.bosphorusboatshow.com\/wp-content\/uploads\/sites\/3\/2025\/08\/273A8196-760x507.jpg 760w\" sizes=\"(max-width: 1024px) 100vw, 1024px\" \/>\t\t\t\t\t\t\t\t\t\t\t\t\t\t\t<\/div>\n\t\t\t\t<\/div>\n\t\t\t\t\t<\/div>\n\t\t<\/div>\n\t\t\t\t\t<\/div>\n\t\t<\/section>\n\t\t\t\t<section data-particle_enable=\"false\" data-particle-mobile-disabled=\"false\" class=\"elementor-section elementor-top-section elementor-element elementor-element-c15276b elementor-section-boxed elementor-section-height-default elementor-section-height-default sc_fly_static\" data-id=\"c15276b\" data-element_type=\"section\" data-e-type=\"section\">\n\t\t\t\t\t\t<div class=\"elementor-container elementor-column-gap-extended\">\n\t\t\t\t\t<div class=\"elementor-column elementor-col-100 elementor-top-column elementor-element elementor-element-c6fe427 sc_inner_width_none sc_content_align_inherit sc_layouts_column_icons_position_left sc_fly_static\" data-id=\"c6fe427\" data-element_type=\"column\" data-e-type=\"column\">\n\t\t\t<div class=\"elementor-widget-wrap elementor-element-populated\">\n\t\t\t\t\t\t<div class=\"elementor-element elementor-element-5de6036 sc_fly_static elementor-widget elementor-widget-spacer\" data-id=\"5de6036\" data-element_type=\"widget\" data-e-type=\"widget\" data-widget_type=\"spacer.default\">\n\t\t\t\t<div class=\"elementor-widget-container\">\n\t\t\t\t\t\t\t<div class=\"elementor-spacer\">\n\t\t\t<div class=\"elementor-spacer-inner\"><\/div>\n\t\t<\/div>\n\t\t\t\t\t\t<\/div>\n\t\t\t\t<\/div>\n\t\t\t\t\t<\/div>\n\t\t<\/div>\n\t\t\t\t\t<\/div>\n\t\t<\/section>\n\t\t\t\t<\/div>\n\t\t","protected":false},"excerpt":{"rendered":"<p>Bu y\u0131l 17 \u2013 25 Ekim 2026 tarihleri aras\u0131nda d\u00fczenlenecek olan Bosphorus Boat Show Deniz Fuar\u0131\u2019n\u0131n ger\u00e7ekle\u015ftirilece\u011fi Atak\u00f6y Marina, uluslararas\u0131 havaliman\u0131 ve \u0130stanbul\u2019un \u00fc\u00e7\u00fcnc\u00fc b\u00fcy\u00fck marinas\u0131yla T\u00fcrkiye\u2019nin \u00f6nemli il\u00e7elerinden biri&hellip;<\/p>\n","protected":false},"author":1,"featured_media":0,"parent":0,"menu_order":0,"comment_status":"closed","ping_status":"closed","template":"","meta":{"inline_featured_image":false,"footnotes":""},"class_list":["post-2660","page","type-page","status-publish","hentry"],"_links":{"self":[{"href":"https:\/\/deniz.bosphorusboatshow.com\/tr\/wp-json\/wp\/v2\/pages\/2660","targetHints":{"allow":["GET"]}}],"collection":[{"href":"https:\/\/deniz.bosphorusboatshow.com\/tr\/wp-json\/wp\/v2\/pages"}],"about":[{"href":"https:\/\/deniz.bosphorusboatshow.com\/tr\/wp-json\/wp\/v2\/types\/page"}],"author":[{"embeddable":true,"href":"https:\/\/deniz.bosphorusboatshow.com\/tr\/wp-json\/wp\/v2\/users\/1"}],"replies":[{"embeddable":true,"href":"https:\/\/deniz.bosphorusboatshow.com\/tr\/wp-json\/wp\/v2\/comments?post=2660"}],"version-history":[{"count":29,"href":"https:\/\/deniz.bosphorusboatshow.com\/tr\/wp-json\/wp\/v2\/pages\/2660\/revisions"}],"predecessor-version":[{"id":8398,"href":"https:\/\/deniz.bosphorusboatshow.com\/tr\/wp-json\/wp\/v2\/pages\/2660\/revisions\/8398"}],"wp:attachment":[{"href":"https:\/\/deniz.bosphorusboatshow.com\/tr\/wp-json\/wp\/v2\/media?parent=2660"}],"curies":[{"name":"wp","href":"https:\/\/api.w.org\/{rel}","templated":true}]}}