{"id":6296,"date":"2023-10-17T10:37:36","date_gmt":"2023-10-17T07:37:36","guid":{"rendered":"https:\/\/deniz.bosphorusboatshow.com\/?page_id=6296"},"modified":"2023-10-17T10:38:59","modified_gmt":"2023-10-17T07:38:59","slug":"cerez-bilgilendirme-metni","status":"publish","type":"page","link":"https:\/\/deniz.bosphorusboatshow.com\/tr\/cerez-bilgilendirme-metni\/","title":{"rendered":"\u00c7erez Bilgilendirme Metni"},"content":{"rendered":"\t\t<div data-elementor-type=\"wp-post\" data-elementor-id=\"6296\" class=\"elementor elementor-6296\" data-elementor-post-type=\"page\">\n\t\t\t\t\t\t<section data-particle_enable=\"false\" data-particle-mobile-disabled=\"false\" class=\"elementor-section elementor-top-section elementor-element elementor-element-d6ba234 elementor-section-boxed elementor-section-height-default elementor-section-height-default sc_fly_static\" data-id=\"d6ba234\" data-element_type=\"section\" data-e-type=\"section\">\n\t\t\t\t\t\t<div class=\"elementor-container elementor-column-gap-extended\">\n\t\t\t\t\t<div class=\"elementor-column elementor-col-100 elementor-top-column elementor-element elementor-element-24552e5 sc_inner_width_none sc_content_align_inherit sc_layouts_column_icons_position_left sc_fly_static\" data-id=\"24552e5\" data-element_type=\"column\" data-e-type=\"column\">\n\t\t\t<div class=\"elementor-widget-wrap elementor-element-populated\">\n\t\t\t\t\t\t<div class=\"elementor-element elementor-element-b9d8129 sc_height_large sc_fly_static elementor-widget elementor-widget-spacer\" data-id=\"b9d8129\" data-element_type=\"widget\" data-e-type=\"widget\" data-widget_type=\"spacer.default\">\n\t\t\t\t<div class=\"elementor-widget-container\">\n\t\t\t\t\t\t\t<div class=\"elementor-spacer\">\n\t\t\t<div class=\"elementor-spacer-inner\"><\/div>\n\t\t<\/div>\n\t\t\t\t\t\t<\/div>\n\t\t\t\t<\/div>\n\t\t\t\t\t<\/div>\n\t\t<\/div>\n\t\t\t\t\t<\/div>\n\t\t<\/section>\n\t\t\t\t<section data-particle_enable=\"false\" data-particle-mobile-disabled=\"false\" class=\"elementor-section elementor-top-section elementor-element elementor-element-c2ddcf8 elementor-section-boxed elementor-section-height-default elementor-section-height-default sc_fly_static\" data-id=\"c2ddcf8\" data-element_type=\"section\" data-e-type=\"section\">\n\t\t\t\t\t\t<div class=\"elementor-container elementor-column-gap-extended\">\n\t\t\t\t\t<div class=\"elementor-column elementor-col-100 elementor-top-column elementor-element elementor-element-b0f4cc0 sc_inner_width_none sc_content_align_inherit sc_layouts_column_icons_position_left sc_fly_static\" data-id=\"b0f4cc0\" data-element_type=\"column\" data-e-type=\"column\">\n\t\t\t<div class=\"elementor-widget-wrap elementor-element-populated\">\n\t\t\t\t\t\t<div class=\"elementor-element elementor-element-6b5cb2a sc_fly_static elementor-widget elementor-widget-text-editor\" data-id=\"6b5cb2a\" data-element_type=\"widget\" data-e-type=\"widget\" data-widget_type=\"text-editor.default\">\n\t\t\t\t<div class=\"elementor-widget-container\">\n\t\t\t\t\t\t\t\t\t<p>YATED Fuarc\u0131l\u0131k A.\u015e. <em>(\u201c<\/em><strong>\u015eirketimiz<\/strong><em>\u201d;\u201c<\/em><strong>YATED<\/strong><em>\u201d)<\/em> olarak, siz \u00a0<a href=\"http:\/\/bosphorusboatshow.com\">bosphorusboatshow.com<\/a> \u00a0(<strong>\u201cSite<\/strong>\u201d; \u201c<strong>Sitemiz<\/strong>\u201d) ziyaret\u00e7ilerimize ait ki\u015fisel verilerin 6698 say\u0131l\u0131 Ki\u015fisel Verilerin Korunmas\u0131 Kanunu ve ikincil d\u00fczenlemelerine (\u201c<strong>KVK mevzuat\u0131<\/strong>\u201d) uygun olarak i\u015flenmesi ve korunmas\u0131 i\u00e7in azami hassasiyeti g\u00f6stermekteyiz.<\/p><p>\u015eirketimizin KVK mevzuat\u0131ndan do\u011fan ayd\u0131nlatma y\u00fck\u00fcml\u00fcl\u00fc\u011f\u00fc kapsam\u0131nda sizleri, i\u015fbu YATED \u00c7erez Bilgilendirme Metni (\u201c<strong>\u00c7erez Bilgilendirme Metni<\/strong>\u201d) ile \u015eirketimiz taraf\u0131ndan kullan\u0131lan \u00e7erezler ve bu vas\u0131tayla i\u015flenen ki\u015fisel verileriniz hakk\u0131nda bilgilendirmek isteriz.<\/p><p><strong>\u00c7erezler Vas\u0131tas\u0131yla \u0130\u015flenen Ki\u015fisel Verileriniz <\/strong><\/p><p>Deneyiminizi ki\u015fiselle\u015ftirmek maksad\u0131yla kullan\u0131lmaktad\u0131r.<\/p><p><strong>Hangi \u00c7erez T\u00fcrlerini Kullanmaktay\u0131z?<\/strong><\/p><p>\u00c7erezler <em>(cookies)<\/em> bir internet sitesi taraf\u0131ndan cihaz\u0131n\u0131zda olu\u015fturulan ve isim-de\u011fer format\u0131nda veri bar\u0131nd\u0131ran k\u00fc\u00e7\u00fck metin dosyalar\u0131d\u0131r. Dolay\u0131s\u0131yla, Sitemizi ziyaret etmenizle kulland\u0131\u011f\u0131m\u0131z \u00e7erezler cihaz\u0131n\u0131zda site ziyaretinize ili\u015fkin bilgi saklanmas\u0131n\u0131 ve bu bilgilerin sonraki ziyaretleriniz s\u0131ras\u0131nda kullan\u0131lmas\u0131n\u0131 m\u00fcmk\u00fcn k\u0131lmaktad\u0131r.<\/p><p>Sitemiz taraf\u0131ndan olu\u015fturulan ve sadece Sitemiz taraf\u0131ndan okunabilen \u00e7erezler <strong>birincil \u00e7erezlerdir. <\/strong><\/p><p>Sitemizde sunulan i\u00e7erik, eri\u015fim adresindeki alan ad\u0131 d\u0131\u015f\u0131nda ba\u015fka alan adlar\u0131 \u00fczerinden de sa\u011flanmaktad\u0131r. Bu gibi durumda her bir alan ad\u0131 kendine m\u00fcnhas\u0131r <strong>\u00fc\u00e7\u00fcnc\u00fc taraf \u00e7erezler<\/strong> yaratmaktad\u0131r.<\/p><p>Sitemizde kulland\u0131\u011f\u0131m\u0131z \u00e7erez t\u00fcrleri ile bu \u00e7erezleri kullan\u0131m ama\u00e7lar\u0131m\u0131z a\u015fa\u011f\u0131daki gibidir:<\/p><table><tbody><tr><td><strong>No.<\/strong><\/td><td><strong>\u00c7erez T\u00fcr\u00fc<\/strong><\/td><td><strong>A\u00e7\u0131klama<\/strong><\/td><\/tr><tr><td><strong>1.<\/strong><\/td><td><strong>Oturum \u00c7erezleri<\/strong><\/td><td>Oturum \u00e7erezleri, Sitemizi kullan\u0131m\u0131n\u0131z s\u0131ras\u0131nda ge\u00e7erli olan \u00e7erezler olup internet taray\u0131c\u0131n\u0131z\u0131 kapat\u0131ncaya kadar ge\u00e7erliliklerini korurlar. Bilgileri tekrardan girme zorunlulu\u011funu ortadan kald\u0131rmak ve sahte i\u015flemlerin \u00f6nlenmesi amac\u0131yla kullan\u0131lmaktad\u0131r. Bu \u00e7erezler taraf\u0131ndan toplanan bilgiler pazarlama ama\u00e7l\u0131 kullan\u0131lamaz.<\/td><\/tr><tr><td><strong>2.<\/strong><\/td><td><strong>Kal\u0131c\u0131 \u00c7erezler<\/strong><\/td><td>Bu \u00e7erezler taray\u0131c\u0131n\u0131zda saklanan ve taraf\u0131n\u0131zca silininceye dek veya son kullan\u0131m tarihine kadar ge\u00e7erlili\u011fini koruyan \u00e7erezlerdir.<\/td><\/tr><tr><td><strong>3.<\/strong><\/td><td><strong>Zorunlu \u00c7erezler<\/strong><\/td><td>Sitemizin d\u00fczg\u00fcn bir \u015fekilde \u00e7al\u0131\u015fabilmesi, Sitemizin \u00f6zelliklerinden ve sunulan hizmetlerden yararlanabilmeniz i\u00e7in kullan\u0131m\u0131 mecburi olan \u00e7erezlerdir.<\/td><\/tr><tr><td><strong>4.<\/strong><\/td><td><strong>Performans &amp; Analitik \u00c7erezler<\/strong><\/td><td><a href=\"http:\/\/bosphorusboatshow.com\">bosphorusboatshow.com<\/a> \u00a0web sitesini geli\u015ftirmesine yard\u0131mc\u0131 olan isimsiz \u00e7erezlerdir. Bu t\u00fcr \u00e7erezler, ziyaret\u00e7ilerin <a href=\"http:\/\/bosphorusboatshow.com\">bosphorusboatshow.com<\/a>\u2019u nas\u0131l kulland\u0131klar\u0131 hakk\u0131nda bilgiler toplayarak en \u00e7ok ziyaret edilen sayfalar\u0131 belirlemek ve hatalar\u0131n tespit edilerek web sitesinin \u00a0gerekti\u011fi gibi \u00e7al\u0131\u015f\u0131p \u00e7al\u0131\u015fmad\u0131\u011f\u0131n\u0131 anlamak amac\u0131yla kullan\u0131l\u0131r. Bu t\u00fcre bir \u00f6rnek Web Analytics \u00e7erezlerdir. Bu \u00e7erezler taraf\u0131ndan toplanan bilgiler pazarlama ama\u00e7l\u0131 kullan\u0131lamaz ve \u00fc\u00e7\u00fcnc\u00fc \u015fah\u0131slara verilemez.<\/td><\/tr><\/tbody><\/table><p>Sitemizde kulland\u0131\u011f\u0131m\u0131z \u00fc\u00e7\u00fcnc\u00fc taraf \u00e7erezler ile sizlere daha verimli ve i\u015flevsel bir internet deneyimi sunmay\u0131 ama\u00e7lamaktay\u0131z.\u00a0 Bu \u00fc\u00e7\u00fcnc\u00fc ki\u015fi hizmet sa\u011flay\u0131c\u0131lar ile \u015eirketimiz aras\u0131nda KVK mevzuat\u0131 uyar\u0131nca KVK Gizlilik S\u00f6zle\u015fmesi akdedilmi\u015f olup bu ki\u015filer taraf\u0131ndan \u015eirketimiz ad\u0131na elde edilen ki\u015fisel verilerinizin g\u00fcvenli\u011fi garanti alt\u0131na al\u0131nm\u0131\u015ft\u0131r.<\/p><p><strong>\u00c7erezlerin Saklanma S\u00fcreleri ve \u00c7erezler Yoluyla \u0130\u015flenen Ki\u015fisel Veriler<\/strong><\/p><table><tbody><tr><td width=\"79\"><strong>\u00c7erez T\u00fcr\u00fc: Performans<\/strong><\/td><td width=\"81\"><strong>\u00c7erez Ad\u0131<\/strong><\/td><td width=\"95\"><strong>Domain<\/strong><\/td><td width=\"302\"><strong>Kullan\u0131m Amac\u0131 ve Kullan\u0131c\u0131 Bilgisi<\/strong><\/td><td width=\"92\"><strong>S\u00fcre<\/strong><\/td><\/tr><tr><td width=\"79\">Google<\/td><td width=\"81\">YSC<\/td><td width=\"95\">youtube.com<\/td><td width=\"302\"><p>Bu \u00e7erez, g\u00f6m\u00fcl\u00fc bir video da dahil olmak \u00fczere sayfalardaki YouTube g\u00f6r\u00fcnt\u00fclemelerini ve davran\u0131\u015flar\u0131n\u0131 kaydetmek i\u00e7in Google\u2019a ait bir \u00fc\u00e7\u00fcnc\u00fc taraf \u00e7erezidir. Google hesab\u0131yla giren kullan\u0131c\u0131y\u0131 ID numaras\u0131 ile tan\u0131mlar. Bu ID numralar\u0131 web sitesi sahipleri taraf\u0131ndan g\u00f6r\u00fcnt\u00fclenemez.<a href=\"https:\/\/policies.google.com\/technologies\/cookies?hl=tr\">https:\/\/policies.google.com\/technologies\/cookies?hl=tr<\/a><\/p><p>\u00a0<\/p><\/td><td width=\"92\">Oturum<\/td><\/tr><tr><td width=\"79\">Google<\/td><td width=\"81\">VISITOR_INFO1_LIVE<\/td><td width=\"95\">youtube.com<\/td><td width=\"302\"><p>Bu \u00e7erez, Youtube taraf\u0131ndan sitelere g\u00f6m\u00fcl\u00fc Youtube videolar\u0131na ili\u015fkin kullan\u0131c\u0131 tercihlerini takip etmek amac\u0131yla yerle\u015ftirilir; ayr\u0131ca web sitesi ziyaret\u00e7isinin Youtube aray\u00fcz\u00fcn\u00fcn yeni veya eski s\u00fcr\u00fcm\u00fcn\u00fc kullan\u0131p kullanmad\u0131\u011f\u0131n\u0131 da belirleyebilir. Detayl\u0131 bilgi <a href=\"https:\/\/policies.google.com\/technologies\/cookies?hl=tr\">https:\/\/policies.google.com\/technologies\/cookies?hl=tr<\/a><\/p><p>\u00a0<\/p><\/td><td width=\"92\">6 Ay<\/td><\/tr><tr><td width=\"79\">Google<\/td><td width=\"81\">_ga_98BL8R00EQ<\/td><td width=\"95\">Google.com<\/td><td width=\"302\">Google \u00e7erezi. Bu \u00e7erezler, web sitesi istatistiklerini toplamak ve d\u00f6n\u00fc\u015f\u00fcm oranlar\u0131n\u0131 izlemek i\u00e7in kullan\u0131l\u0131r. Google hesab\u0131yla giren kullan\u0131c\u0131y\u0131 ID numaras\u0131 ile tan\u0131mlar. <a href=\"https:\/\/policies.google.com\/technologies\/cookies?hl=tr\">https:\/\/policies.google.com\/technologies\/cookies?hl=tr<\/a><\/td><td width=\"92\">1 Y\u0131l 1 Ay<\/td><\/tr><tr><td width=\"79\">Google<\/td><td width=\"81\">_ga<\/td><td width=\"95\">Google.com<\/td><td width=\"302\">Google. Web sitesinin se\u00e7eneklerinin ve hizmetlerinin kullan\u0131m\u0131 i\u00e7in gerekli olan \u00e7erez. Google hesab\u0131yla giren kullan\u0131c\u0131y\u0131 ID numaras\u0131 ile tan\u0131mlar. Detayl\u0131 bilgi: <a href=\"https:\/\/policies.google.com\/technologies\/cookies?hl=tr\">https:\/\/policies.google.com\/technologies\/cookies?hl=tr<\/a><\/td><td width=\"92\">1 Y\u0131l 1 Ay<\/td><\/tr><tr><td width=\"79\">Piwik<\/td><td width=\"81\">_pk_id.180203.a635<\/td><td width=\"95\">Piwik.pro<\/td><td width=\"302\">Bu \u00e7erez ad\u0131 Piwik a\u00e7\u0131k kaynakl\u0131 web analiz platformuyla ili\u015fkilidir.\u00a0Web sitesi sahiplerinin ziyaret\u00e7i davran\u0131\u015f\u0131n\u0131 izlemesine ve site performans\u0131n\u0131 \u00f6l\u00e7mesine yard\u0131mc\u0131 olmak i\u00e7in kullan\u0131l\u0131r.<\/td><td width=\"92\">1 y\u0131l<\/td><\/tr><tr><td width=\"79\">Piwik<\/td><td width=\"81\">_pk_ses.180203.a635<\/td><td width=\"95\">Piwik.pro<\/td><td width=\"302\">Bu \u00e7erez ad\u0131 Piwik a\u00e7\u0131k kaynakl\u0131 web analiz platformuyla ili\u015fkilidir.\u00a0Web sitesi sahiplerinin ziyaret\u00e7i davran\u0131\u015f\u0131n\u0131 izlemesine ve site performans\u0131n\u0131 \u00f6l\u00e7mesine yard\u0131mc\u0131 olmak i\u00e7in kullan\u0131l\u0131r.<\/td><td width=\"92\">30 Dakika<\/td><\/tr><tr><td width=\"79\">Bosphoruboatshow.com<\/td><td width=\"81\">trx_addons_is_retina<\/td><td width=\"95\">Bosphoruboatshow.com<\/td><td width=\"302\">Kullan\u0131c\u0131n\u0131n sahip oldu\u011fu ekran\u0131n retina olup olmad\u0131\u011f\u0131n\u0131 kontrol eder.<\/td><td width=\"92\">Oturum<\/td><\/tr><tr><td width=\"79\"><strong>\u00c7erez T\u00fcr\u00fc: Oturum<\/strong><\/td><td width=\"81\"><strong>\u00c7erez Ad\u0131<\/strong><\/td><td width=\"95\"><strong>Domain<\/strong><\/td><td width=\"302\"><strong>Kullan\u0131m Amac\u0131 ve Kullan\u0131c\u0131 Bilgisi<\/strong><\/td><td width=\"92\"><strong>S\u00fcre<\/strong><\/td><\/tr><tr><td width=\"79\">Jotform<\/td><td width=\"81\">JOTFORM_SESSION<\/td><td width=\"95\">.Jotfor.ms<\/td><td width=\"302\">Bu \u00e7erezler yaln\u0131zca web sitesinin \u00e7al\u0131\u015fma \u015feklini iyile\u015ftirmemize ve web sitesinde taraf\u0131m\u0131za g\u00f6nderilen formlar\u0131n kullan\u0131c\u0131 oturumlar\u0131 ile olan ili\u015fkisini \u00f6l\u00e7mek amac\u0131yla kullan\u0131lmaktad\u0131r.<p>\u00a0<\/p><\/td><td width=\"92\">7 G\u00fcn<\/td><\/tr><tr><td width=\"79\">Jotform<\/td><td width=\"81\">userReferer<\/td><td width=\"95\">.Jotfor.ms<\/td><td width=\"302\"><p>Bu \u00e7erezler yaln\u0131zca web sitesinin \u00e7al\u0131\u015fma \u015feklini iyile\u015ftirmemize ve web sitesinde taraf\u0131m\u0131za g\u00f6nderilen formlar\u0131n kullan\u0131c\u0131 referanslar\u0131yla ile olan ili\u015fkisini \u00f6l\u00e7mek amac\u0131yla kullan\u0131lmaktad\u0131r.<\/p><p>\u00a0<\/p><\/td><td width=\"92\"><p>1 Ay 1 G\u00fcn<\/p><p>\u00a0<\/p><p>\u00a0<\/p><p>\u00a0<\/p><p>\u00a0<\/p><p>\u00a0<\/p><\/td><\/tr><tr><td width=\"79\">Jotform<\/td><td width=\"81\">guest<\/td><td width=\"95\">.Jotfor.ms<\/td><td width=\"302\"><p>Bu \u00e7erezler yaln\u0131zca web sitesinin \u00e7al\u0131\u015fma \u015feklini iyile\u015ftirmemize ve web sitesinde taraf\u0131m\u0131za g\u00f6nderilen formlar\u0131n kullan\u0131c\u0131 web sitesi ziyareti ile olan ili\u015fkisini \u00f6l\u00e7mek amac\u0131yla kullan\u0131lmaktad\u0131r.<\/p><p>\u00a0<\/p><\/td><td width=\"92\"><p>1 Ay 1 G\u00fcn<\/p><p>\u00a0<\/p><\/td><\/tr><\/tbody><\/table><p>\u00a0<\/p><p><strong>\u00c7erezlerin Saklanmas\u0131 ve Eri\u015filmesi<\/strong><\/p><p>Sitemiz taraf\u0131ndan olu\u015fturulan \u00e7erezler Sitemize eri\u015fim i\u00e7in kulland\u0131\u011f\u0131n\u0131z internet sitesi taray\u0131c\u0131n\u0131z taraf\u0131ndan bilgisayar\u0131n\u0131zda saklanmaktad\u0131r. Bu \u00e7erezlerin i\u00e7erdi\u011fi bilgilere sadece \u00e7erezi olu\u015fturan alan ad\u0131 <em>(http:\/\/www.bosphorusboatshow.com)<\/em> alt\u0131nda sunulan Sitemiz taraf\u0131ndan ve ayn\u0131 taray\u0131c\u0131y\u0131 kulland\u0131\u011f\u0131n\u0131z takdirde uzaktan eri\u015fim m\u00fcmk\u00fcnd\u00fcr.<\/p><p><strong>\u00c7erezleri Kabul Etmek Sizin Elinizde<\/strong><\/p><p>\u0130nternet taray\u0131c\u0131lar\u0131n\u0131z genellikle ziyaret etti\u011finiz sitelerde kullan\u0131lan \u00e7erezleri otomatik olarak kabul etmektedir. \u0130nternet sitemizi kullanabilmek i\u00e7in \u00e7erez kullan\u0131m\u0131 zorunlu de\u011fildir, fakat taray\u0131c\u0131n\u0131z\u0131 t\u00fcm \u00e7erezleri engelleyecek \u015fekilde ayarlaman\u0131z halinde kullan\u0131c\u0131 deneyiminizin kalitesi d\u00fc\u015febilir ve Sitemize eri\u015fim sa\u011flaman\u0131z\u0131 ya da Sitemizin \u00e7e\u015fitli i\u015flevlerinden yararlanman\u0131z\u0131 engelleyebilir.<\/p><p>Taray\u0131c\u0131n\u0131z\u0131 \u00e7erezleri t\u00fcm siteler veya belirli siteler i\u00e7in engelleyecek, \u00e7erez olu\u015fturuldu\u011funda uyar\u0131 verecek, \u00fc\u00e7\u00fcnc\u00fc taraf \u00e7erezleri engelleyecek veya t\u00fcm \u00e7erezleri oturum \u00e7erezi gibi sayacak \u015fekilde yap\u0131land\u0131rabilirsiniz.<\/p><p>Di\u011fer yandan, taray\u0131c\u0131n\u0131z \u00fczerinden cihaz\u0131n\u0131zda kaydedilen \u00e7erezleri silebilir veya bu \u00e7erezlerin listesini ve de\u011ferlerini g\u00f6rebilir ve takip edebilirsiniz. A\u015fa\u011f\u0131da listelenen taray\u0131c\u0131lardan kullanmakta oldu\u011funuza t\u0131klayarak \u00e7erez y\u00f6netimlerine ili\u015fkin detayl\u0131 bilgi alabilirsiniz.<\/p><p>\u00c7erezler hakk\u0131nda daha fazla bilgi almak isterseniz <a href=\"http:\/\/www.aboutcookies.org\">www.aboutcookies.org<\/a> ile <a href=\"http:\/\/www.youronlinechoices.eu\">www.youronlinechoices.eu<\/a> adreslerini t\u0131klayabilirsiniz. Site i\u00e7erikleri \u0130ngilizcedir.<\/p><p><strong>Ki\u015fisel Verilerinizin G\u00fcvenli\u011fi<\/strong><\/p><p>\u00c7erezler i\u015fbu \u00c7erez Bilgilendirme Metni\u2019nde belirtilen ama\u00e7lar d\u0131\u015f\u0131nda kullan\u0131lmamakta olup t\u00fcm ilgili i\u015flemler KVK mevzuat\u0131na uygun olarak y\u00fcr\u00fct\u00fclmektedir. \u00c7erezler vas\u0131tas\u0131yla elde edilen ki\u015fisel verileriniz \u015eirketimiz taraf\u0131ndan KVK mevzuat\u0131na uygun olarak i\u015flenmekte, saklanmakta ve g\u00fcvenli\u011fi sa\u011flanmaktad\u0131r.<\/p><p>Sitemiz taraf\u0131ndan i\u015flenen ki\u015fisel verileriniz hakk\u0131nda daha detayl\u0131 bilgi i\u00e7in l\u00fctfen <a href=\"\/BBS-KVKK%20B\u0130LG\u0130LEND\u0130RME%20METN\u0130.docx\"><em>Bosphorus Boat Show \u0130nternet Sitesi KVKK Bilgilendirme Metni<\/em><\/a> okuyunuz.<\/p><p><strong>Bilgi Edinme Hakk\u0131n\u0131z<\/strong><\/p><p>KVK Kanunu\u2019nun 11. maddesi kapsam\u0131nda, \u015eirketimize ba\u015fvurarak ki\u015fisel verilerinizin; <strong><em>(i)<\/em><\/strong> i\u015flenip i\u015flenmedi\u011fini \u00f6\u011frenme; <strong><em>(ii)<\/em><\/strong> i\u015flenmi\u015fse buna ili\u015fkin bilgi talep etme, i\u015flenme amac\u0131n\u0131 ve amac\u0131na uygun kullan\u0131l\u0131p kullan\u0131lmad\u0131\u011f\u0131n\u0131 \u00f6\u011frenme, <strong><em>(iii)<\/em><\/strong> yurt i\u00e7inde \/ yurt d\u0131\u015f\u0131nda aktar\u0131ld\u0131\u011f\u0131 3. ki\u015fileri bilme, eksik \/ yanl\u0131\u015f i\u015flenmi\u015fse d\u00fczeltilmesini isteme; <strong><em>(iv)<\/em><\/strong> KVK Kanunu\u2019nun 7. maddesinde \u00f6ng\u00f6r\u00fclen \u015fartlar \u00e7er\u00e7evesinde silinmesini \/ yok edilmesini isteme; <strong><em>(v)<\/em><\/strong> ki\u015fisel verilerinizin KVK Kanunu\u2019nun 7. maddesi kapsam\u0131nda silinmesi ve yok edilmesi ve eksik\/yanl\u0131\u015f i\u015flenmi\u015f ki\u015fisel verilerinin d\u00fczeltilmesi taleplerinin, ki\u015fisel verilerin aktar\u0131ld\u0131\u011f\u0131 \u00fc\u00e7\u00fcnc\u00fc ki\u015filere bildirilmesini isteme; <strong><em>(vi)<\/em><\/strong> m\u00fcnhas\u0131ran otomatik sistemler ile analiz edilmesi nedeniyle aleyhinize bir sonucun ortaya \u00e7\u0131kmas\u0131na itiraz etme, <strong><em>(vii)<\/em><\/strong> kanuna ayk\u0131r\u0131 olarak i\u015flenmesi sebebiyle zarara u\u011framan\u0131z h\u00e2linde zarar\u0131n giderilmesini talep etme haklar\u0131na sahip oldu\u011funuzu bildiririz.<\/p><p>\u0130lgili taleplerinizi <a href=\"mailto:info@bosphorusboatshow.com\">info@bosphorusboatshow.com<\/a> veya Marinturk \u0130stanbul City Port 1. Kat D Blok D:5 34890 Pendik\/\u0130stanbul\/ T\u00fcrkiye adresine yaz\u0131l\u0131 olarak ba\u015fvurmak suretiyle \u015eirketimiz\u2019e iletebilirsiniz.<\/p><p>\u0130\u015fbu Bilgilendirme Metni, de\u011fi\u015fen s\u00fcre\u00e7lerimiz dolay\u0131s\u0131yla KVK mevzuat\u0131na uyum sa\u011flamak amac\u0131yla g\u00fcncellenebilecektir. Ger\u00e7ekle\u015febilecek g\u00fcncellemeler i\u00e7in sitemizi ziyaret etmenizi rica ederiz.<\/p><p><strong>YATED Fuarc\u0131l\u0131k A.\u015e.<\/strong><\/p>\t\t\t\t\t\t\t\t<\/div>\n\t\t\t\t<\/div>\n\t\t\t\t\t<\/div>\n\t\t<\/div>\n\t\t\t\t\t<\/div>\n\t\t<\/section>\n\t\t\t\t<section data-particle_enable=\"false\" data-particle-mobile-disabled=\"false\" class=\"elementor-section elementor-top-section elementor-element elementor-element-631350e elementor-section-boxed elementor-section-height-default elementor-section-height-default sc_fly_static\" data-id=\"631350e\" data-element_type=\"section\" data-e-type=\"section\">\n\t\t\t\t\t\t<div class=\"elementor-container elementor-column-gap-extended\">\n\t\t\t\t\t<div class=\"elementor-column elementor-col-100 elementor-top-column elementor-element elementor-element-6a4da12 sc_inner_width_none sc_content_align_inherit sc_layouts_column_icons_position_left sc_fly_static\" data-id=\"6a4da12\" data-element_type=\"column\" data-e-type=\"column\">\n\t\t\t<div class=\"elementor-widget-wrap elementor-element-populated\">\n\t\t\t\t\t\t<div class=\"elementor-element elementor-element-76e16d1 sc_height_large sc_fly_static elementor-widget elementor-widget-spacer\" data-id=\"76e16d1\" data-element_type=\"widget\" data-e-type=\"widget\" data-widget_type=\"spacer.default\">\n\t\t\t\t<div class=\"elementor-widget-container\">\n\t\t\t\t\t\t\t<div class=\"elementor-spacer\">\n\t\t\t<div class=\"elementor-spacer-inner\"><\/div>\n\t\t<\/div>\n\t\t\t\t\t\t<\/div>\n\t\t\t\t<\/div>\n\t\t\t\t\t<\/div>\n\t\t<\/div>\n\t\t\t\t\t<\/div>\n\t\t<\/section>\n\t\t\t\t<\/div>\n\t\t","protected":false},"excerpt":{"rendered":"<p>YATED Fuarc\u0131l\u0131k A.\u015e. (\u201c\u015eirketimiz\u201d;\u201cYATED\u201d) olarak, siz \u00a0bosphorusboatshow.com \u00a0(\u201cSite\u201d; \u201cSitemiz\u201d) ziyaret\u00e7ilerimize ait ki\u015fisel verilerin 6698 say\u0131l\u0131 Ki\u015fisel Verilerin Korunmas\u0131 Kanunu ve ikincil d\u00fczenlemelerine (\u201cKVK mevzuat\u0131\u201d) uygun olarak i\u015flenmesi ve korunmas\u0131 i\u00e7in&hellip;<\/p>\n","protected":false},"author":1,"featured_media":0,"parent":0,"menu_order":0,"comment_status":"closed","ping_status":"closed","template":"","meta":{"inline_featured_image":false,"footnotes":""},"class_list":["post-6296","page","type-page","status-publish","hentry"],"_links":{"self":[{"href":"https:\/\/deniz.bosphorusboatshow.com\/tr\/wp-json\/wp\/v2\/pages\/6296","targetHints":{"allow":["GET"]}}],"collection":[{"href":"https:\/\/deniz.bosphorusboatshow.com\/tr\/wp-json\/wp\/v2\/pages"}],"about":[{"href":"https:\/\/deniz.bosphorusboatshow.com\/tr\/wp-json\/wp\/v2\/types\/page"}],"author":[{"embeddable":true,"href":"https:\/\/deniz.bosphorusboatshow.com\/tr\/wp-json\/wp\/v2\/users\/1"}],"replies":[{"embeddable":true,"href":"https:\/\/deniz.bosphorusboatshow.com\/tr\/wp-json\/wp\/v2\/comments?post=6296"}],"version-history":[{"count":4,"href":"https:\/\/deniz.bosphorusboatshow.com\/tr\/wp-json\/wp\/v2\/pages\/6296\/revisions"}],"predecessor-version":[{"id":6302,"href":"https:\/\/deniz.bosphorusboatshow.com\/tr\/wp-json\/wp\/v2\/pages\/6296\/revisions\/6302"}],"wp:attachment":[{"href":"https:\/\/deniz.bosphorusboatshow.com\/tr\/wp-json\/wp\/v2\/media?parent=6296"}],"curies":[{"name":"wp","href":"https:\/\/api.w.org\/{rel}","templated":true}]}}