{"id":6379,"date":"2023-10-19T13:17:17","date_gmt":"2023-10-19T10:17:17","guid":{"rendered":"https:\/\/deniz.bosphorusboatshow.com\/?page_id=6379"},"modified":"2025-12-24T14:18:47","modified_gmt":"2025-12-24T11:18:47","slug":"basin-bulteni","status":"publish","type":"page","link":"https:\/\/deniz.bosphorusboatshow.com\/tr\/basin-bulteni\/","title":{"rendered":"Bas\u0131n B\u00fclteni"},"content":{"rendered":"\t\t<div data-elementor-type=\"wp-post\" data-elementor-id=\"6379\" class=\"elementor elementor-6379\" data-elementor-post-type=\"page\">\n\t\t\t\t\t\t<section data-particle_enable=\"false\" data-particle-mobile-disabled=\"false\" class=\"elementor-section elementor-top-section elementor-element elementor-element-d6ba234 elementor-section-boxed elementor-section-height-default elementor-section-height-default sc_fly_static\" data-id=\"d6ba234\" data-element_type=\"section\" data-e-type=\"section\">\n\t\t\t\t\t\t<div class=\"elementor-container elementor-column-gap-extended\">\n\t\t\t\t\t<div class=\"elementor-column elementor-col-100 elementor-top-column elementor-element elementor-element-24552e5 sc_inner_width_none sc_content_align_inherit sc_layouts_column_icons_position_left sc_fly_static\" data-id=\"24552e5\" data-element_type=\"column\" data-e-type=\"column\">\n\t\t\t<div class=\"elementor-widget-wrap elementor-element-populated\">\n\t\t\t\t\t\t<div class=\"elementor-element elementor-element-b9d8129 sc_height_large sc_fly_static elementor-widget elementor-widget-spacer\" data-id=\"b9d8129\" data-element_type=\"widget\" data-e-type=\"widget\" data-widget_type=\"spacer.default\">\n\t\t\t\t<div class=\"elementor-widget-container\">\n\t\t\t\t\t\t\t<div class=\"elementor-spacer\">\n\t\t\t<div class=\"elementor-spacer-inner\"><\/div>\n\t\t<\/div>\n\t\t\t\t\t\t<\/div>\n\t\t\t\t<\/div>\n\t\t\t\t<div class=\"elementor-element elementor-element-14f4ddd sc_fly_static elementor-widget elementor-widget-heading\" data-id=\"14f4ddd\" data-element_type=\"widget\" data-e-type=\"widget\" data-widget_type=\"heading.default\">\n\t\t\t\t<div class=\"elementor-widget-container\">\n\t\t\t\t\t<h3 class=\"elementor-heading-title elementor-size-default\">300\u2019den fazla tekne 17 - 25 Ekim 2026 tarihlerinde \u0130stanbul\u2019da g\u00f6r\u00fcc\u00fcye \u00e7\u0131k\u0131yor<\/h3>\t\t\t\t<\/div>\n\t\t\t\t<\/div>\n\t\t\t\t<div class=\"elementor-element elementor-element-c46ead7 sc_fly_static elementor-widget elementor-widget-spacer\" data-id=\"c46ead7\" data-element_type=\"widget\" data-e-type=\"widget\" data-widget_type=\"spacer.default\">\n\t\t\t\t<div class=\"elementor-widget-container\">\n\t\t\t\t\t\t\t<div class=\"elementor-spacer\">\n\t\t\t<div class=\"elementor-spacer-inner\"><\/div>\n\t\t<\/div>\n\t\t\t\t\t\t<\/div>\n\t\t\t\t<\/div>\n\t\t\t\t<div class=\"elementor-element elementor-element-9bf1e82 sc_fly_static elementor-widget elementor-widget-heading\" data-id=\"9bf1e82\" data-element_type=\"widget\" data-e-type=\"widget\" data-widget_type=\"heading.default\">\n\t\t\t\t<div class=\"elementor-widget-container\">\n\t\t\t\t\t<h5 class=\"elementor-heading-title elementor-size-default\">\u0130stanbul\u2019da \u2018tarihi\u2019 fuar:\nY\u00fczlerce tekne \ndenizseverlerle bulu\u015fuyor\n<\/h5>\t\t\t\t<\/div>\n\t\t\t\t<\/div>\n\t\t\t\t\t<\/div>\n\t\t<\/div>\n\t\t\t\t\t<\/div>\n\t\t<\/section>\n\t\t\t\t<section data-particle_enable=\"false\" data-particle-mobile-disabled=\"false\" class=\"elementor-section elementor-top-section elementor-element elementor-element-e7c8c5d elementor-section-boxed elementor-section-height-default elementor-section-height-default sc_fly_static\" data-id=\"e7c8c5d\" data-element_type=\"section\" data-e-type=\"section\">\n\t\t\t\t\t\t<div class=\"elementor-container elementor-column-gap-extended\">\n\t\t\t\t\t<div class=\"elementor-column elementor-col-100 elementor-top-column elementor-element elementor-element-b4fb9d0 sc_inner_width_none sc_content_align_inherit sc_layouts_column_icons_position_left sc_fly_static\" data-id=\"b4fb9d0\" data-element_type=\"column\" data-e-type=\"column\">\n\t\t\t<div class=\"elementor-widget-wrap elementor-element-populated\">\n\t\t\t\t\t\t<div class=\"elementor-element elementor-element-b2549c0 sc_fly_static elementor-widget elementor-widget-spacer\" data-id=\"b2549c0\" data-element_type=\"widget\" data-e-type=\"widget\" data-widget_type=\"spacer.default\">\n\t\t\t\t<div class=\"elementor-widget-container\">\n\t\t\t\t\t\t\t<div class=\"elementor-spacer\">\n\t\t\t<div class=\"elementor-spacer-inner\"><\/div>\n\t\t<\/div>\n\t\t\t\t\t\t<\/div>\n\t\t\t\t<\/div>\n\t\t\t\t<div class=\"elementor-element elementor-element-f2f30cc sc_fly_static elementor-widget elementor-widget-text-editor\" data-id=\"f2f30cc\" data-element_type=\"widget\" data-e-type=\"widget\" data-widget_type=\"text-editor.default\">\n\t\t\t\t<div class=\"elementor-widget-container\">\n\t\t\t\t\t\t\t\t\t<p><strong>17 &#8211; 25 Ekim 2026 tarihlerinde, \u0130stanbul Atak\u00f6y Marina\u2019da d\u00fczenlenecek olan \u2018Bosphorus Boat Show\u2019 Tekne, Tekne Ekipmanlar\u0131 ve Aksesuarlar\u0131 Fuar\u0131, denizcilik sekt\u00f6r\u00fcn\u00fcn \u00f6nde gelen isimlerini bir araya getirecek. ED Fuarc\u0131l\u0131k taraf\u0131ndan Yat ve Tekne End\u00fcstrisi Derne\u011fi (YATED) deste\u011fi ve YATED Fuarc\u0131l\u0131k i\u015f birli\u011fi ile T\u00fcrkiye Gemi \u0130n\u015fa Sanayicileri Birli\u011fi (G\u0130SB\u0130R) ana sponsorlu\u011funda ve T\u00fcrkiye Odalar ve Borsalar Birli\u011fi izniyle deniz \u00fczerinde ger\u00e7ekle\u015ftirilecek etkinlikte, 200\u2019\u00fcn \u00fczerinde firman\u0131n kat\u0131l\u0131m\u0131yla 500\u2019den fazla marka yer alacak. \u0130stanbul\u2019un d\u00fcnya \u00e7ap\u0131ndaki bilinirli\u011fi ve e\u015fsiz manzaras\u0131yla uluslararas\u0131 alanda b\u00fcy\u00fck ilgi g\u00f6rmesi beklenen Bosphorus Boat Show\u2019da 300\u2019\u00fcn \u00fczerinde tekne, 50 metreye kadar l\u00fcks yatlar ve yeni model tekneler ziyaret\u00e7ileri sunulmas\u0131yla tekne ve yat sekt\u00f6r\u00fcne \u00f6nemli bir ivme kazand\u0131r\u0131lmas\u0131 hedefleniyor.<\/strong><\/p>\t\t\t\t\t\t\t\t<\/div>\n\t\t\t\t<\/div>\n\t\t\t\t\t<\/div>\n\t\t<\/div>\n\t\t\t\t\t<\/div>\n\t\t<\/section>\n\t\t\t\t<section data-particle_enable=\"false\" data-particle-mobile-disabled=\"false\" class=\"elementor-section elementor-top-section elementor-element elementor-element-5e7f716 elementor-section-boxed elementor-section-height-default elementor-section-height-default sc_fly_static\" data-id=\"5e7f716\" data-element_type=\"section\" data-e-type=\"section\">\n\t\t\t\t\t\t<div class=\"elementor-container elementor-column-gap-extended\">\n\t\t\t\t\t<div class=\"elementor-column elementor-col-100 elementor-top-column elementor-element elementor-element-4701c12 sc_inner_width_none sc_content_align_inherit sc_layouts_column_icons_position_left sc_fly_static\" data-id=\"4701c12\" data-element_type=\"column\" data-e-type=\"column\">\n\t\t\t<div class=\"elementor-widget-wrap elementor-element-populated\">\n\t\t\t\t\t\t<div class=\"elementor-element elementor-element-b651199 sc_fly_static elementor-widget elementor-widget-text-editor\" data-id=\"b651199\" data-element_type=\"widget\" data-e-type=\"widget\" data-widget_type=\"text-editor.default\">\n\t\t\t\t<div class=\"elementor-widget-container\">\n\t\t\t\t\t\t\t\t\t<p>200\u2019\u00fcn \u00fczerinde firma, 500\u2019den fazla marka, 300\u2019den fazla tekne ile Bosphorus Boat Show Tekne, Tekne Ekipmanlar\u0131 ve Aksesuarlar\u0131 Fuar\u0131 25 Ekim-2 Kas\u0131m 2025 tarihlerinde Atak\u00f6y Marina\u2019da g\u00f6r\u00fcc\u00fcye \u00e7\u0131k\u0131yor. ED Fuarc\u0131l\u0131k taraf\u0131ndan Yat ve Tekne End\u00fcstrisi Derne\u011fi (YATED) deste\u011fi ve YATED Fuarc\u0131l\u0131k i\u015f birli\u011fi ile T\u00fcrkiye Gemi \u0130n\u015fa Sanayicileri Birli\u011fi (G\u0130SB\u0130R) ana sponsorlu\u011funda ve T\u00fcrkiye Odalar ve Borsalar Birli\u011fi izniyle deniz \u00fczerinde ger\u00e7ekle\u015ftirilecek etkinlikte 500\u2019den fazla marka yer alacak.\u00a0 Sekt\u00f6re y\u00f6n veren markalar\u0131 ve en son teknolojileri denizseverlerle bulu\u015fturacak fuarda, 2025 ve 2026 model tekneler, T\u00fcrkiye\u2019nin \u00f6nde gelen tersanelerinin iddial\u0131 modelleri ve d\u00fcnyaca \u00fcnl\u00fc yat markalar\u0131n\u0131n yeni model tekneleri deniz tutkunlar\u0131n\u0131n be\u011fenisine sunulacak.<\/p>\t\t\t\t\t\t\t\t<\/div>\n\t\t\t\t<\/div>\n\t\t\t\t<div class=\"elementor-element elementor-element-d7d68d3 sc_fly_static elementor-widget elementor-widget-spacer\" data-id=\"d7d68d3\" data-element_type=\"widget\" data-e-type=\"widget\" data-widget_type=\"spacer.default\">\n\t\t\t\t<div class=\"elementor-widget-container\">\n\t\t\t\t\t\t\t<div class=\"elementor-spacer\">\n\t\t\t<div class=\"elementor-spacer-inner\"><\/div>\n\t\t<\/div>\n\t\t\t\t\t\t<\/div>\n\t\t\t\t<\/div>\n\t\t\t\t<div class=\"elementor-element elementor-element-073f04f sc_fly_static elementor-widget elementor-widget-heading\" data-id=\"073f04f\" data-element_type=\"widget\" data-e-type=\"widget\" data-widget_type=\"heading.default\">\n\t\t\t\t<div class=\"elementor-widget-container\">\n\t\t\t\t\t<h5 class=\"elementor-heading-title elementor-size-default\">ULUSLARARASI PAZAR FIRSATI <\/h5>\t\t\t\t<\/div>\n\t\t\t\t<\/div>\n\t\t\t\t\t<\/div>\n\t\t<\/div>\n\t\t\t\t\t<\/div>\n\t\t<\/section>\n\t\t\t\t<section data-particle_enable=\"false\" data-particle-mobile-disabled=\"false\" class=\"elementor-section elementor-top-section elementor-element elementor-element-c55caab elementor-section-boxed elementor-section-height-default elementor-section-height-default sc_fly_static\" data-id=\"c55caab\" data-element_type=\"section\" data-e-type=\"section\">\n\t\t\t\t\t\t<div class=\"elementor-container elementor-column-gap-extended\">\n\t\t\t\t\t<div class=\"elementor-column elementor-col-100 elementor-top-column elementor-element elementor-element-c8a00c3 sc_inner_width_none sc_content_align_inherit sc_layouts_column_icons_position_left sc_fly_static\" data-id=\"c8a00c3\" data-element_type=\"column\" data-e-type=\"column\">\n\t\t\t<div class=\"elementor-widget-wrap elementor-element-populated\">\n\t\t\t\t\t\t<div class=\"elementor-element elementor-element-b89bd9e sc_fly_static elementor-widget elementor-widget-text-editor\" data-id=\"b89bd9e\" data-element_type=\"widget\" data-e-type=\"widget\" data-widget_type=\"text-editor.default\">\n\t\t\t\t<div class=\"elementor-widget-container\">\n\t\t\t\t\t\t\t\t\t<p>Fuar\u0131n sekt\u00f6rdeki geli\u015fmeleri yak\u0131ndan takip etmek isteyenler i\u00e7in b\u00fcy\u00fck bir f\u0131rsat olaca\u011f\u0131n\u0131n alt\u0131n\u0131 \u00e7izen ED Fuarc\u0131l\u0131k Kurucu Orta\u011f\u0131 Dilek Soydan, \u201cBosphorus Boat Show, her ihtiyaca, zevke ve b\u00fct\u00e7eye uygun tekneleri ve zengin \u00e7e\u015fitlili\u011fiyle ziyaret\u00e7ilere unutulmaz bir deneyim sunacak. Bu b\u00fcy\u00fck organizasyon, denizcilik d\u00fcnyas\u0131nda yeni bir bak\u0131\u015f a\u00e7\u0131s\u0131 getirecek.\u201d dedi. Bosphorus Boat Show\u2019un \u0130stanbul\u2019un en prestijli b\u00f6lgelerinden Atak\u00f6y Marina\u2019da d\u00fczenlenecek olmas\u0131n\u0131n b\u00fcy\u00fck bir avantaj sundu\u011funu belirten Dilek Soydan, \u201cAtak\u00f6y Marina, \u0130stanbul\u2019un d\u00fcnya \u00e7ap\u0131ndaki bilinirli\u011fi ve e\u015fsiz manzaras\u0131yla fuar\u0131m\u0131z i\u00e7in m\u00fckemmel bir ev sahipli\u011fi yapacak. \u0130stanbul, hem tarihi hem de modern yap\u0131s\u0131yla k\u00fcresel \u00f6l\u00e7ekte dikkat \u00e7eken bir \u015fehir. Bu muazzam atmosferde d\u00fczenleyece\u011fimiz fuar, sekt\u00f6rdeki t\u00fcm profesyonellere ve deniz tutkunlar\u0131na e\u015fsiz f\u0131rsatlar sunacak. Tekne ve yat sekt\u00f6r\u00fcn\u00fcn geli\u015fimi i\u00e7in fuarlar\u0131n ne kadar \u00f6nemli oldu\u011funu biliyoruz; Bosphorus Boat Show, bu geli\u015fimi h\u0131zland\u0131racak, sekt\u00f6r\u00fcn globaldeki g\u00fcc\u00fcn\u00fc peki\u015ftirecek ve d\u00fcnyadaki en b\u00fcy\u00fck denizcilik fuarlar\u0131yla rekabet edecek seviyeye ula\u015facakt\u0131r. Bu organizasyon, kat\u0131l\u0131mc\u0131lar\u0131m\u0131za sadece yerel de\u011fil, uluslararas\u0131 pazarlarda da ciddi f\u0131rsatlar yaratacak.\u201d dedi. D\u00fcnya Boat Show s\u0131ralamas\u0131nda yerini alan \u0130stanbul Fuar\u0131 uluslar aras\u0131 ziyaret\u00e7ilerin de takvimine girdi..<\/p>\t\t\t\t\t\t\t\t<\/div>\n\t\t\t\t<\/div>\n\t\t\t\t<div class=\"elementor-element elementor-element-7578e96 sc_fly_static elementor-widget elementor-widget-spacer\" data-id=\"7578e96\" data-element_type=\"widget\" data-e-type=\"widget\" data-widget_type=\"spacer.default\">\n\t\t\t\t<div class=\"elementor-widget-container\">\n\t\t\t\t\t\t\t<div class=\"elementor-spacer\">\n\t\t\t<div class=\"elementor-spacer-inner\"><\/div>\n\t\t<\/div>\n\t\t\t\t\t\t<\/div>\n\t\t\t\t<\/div>\n\t\t\t\t<div class=\"elementor-element elementor-element-83fc5d4 sc_fly_static elementor-widget elementor-widget-heading\" data-id=\"83fc5d4\" data-element_type=\"widget\" data-e-type=\"widget\" data-widget_type=\"heading.default\">\n\t\t\t\t<div class=\"elementor-widget-container\">\n\t\t\t\t\t<h5 class=\"elementor-heading-title elementor-size-default\">D\u00dcNYANIN D\u00d6RT B\u0130R YANINDAN KATILIM<\/h5>\t\t\t\t<\/div>\n\t\t\t\t<\/div>\n\t\t\t\t\t<\/div>\n\t\t<\/div>\n\t\t\t\t\t<\/div>\n\t\t<\/section>\n\t\t\t\t<section data-particle_enable=\"false\" data-particle-mobile-disabled=\"false\" class=\"elementor-section elementor-top-section elementor-element elementor-element-3ac5993 elementor-section-boxed elementor-section-height-default elementor-section-height-default sc_fly_static\" data-id=\"3ac5993\" data-element_type=\"section\" data-e-type=\"section\">\n\t\t\t\t\t\t<div class=\"elementor-container elementor-column-gap-extended\">\n\t\t\t\t\t<div class=\"elementor-column elementor-col-100 elementor-top-column elementor-element elementor-element-0657656 sc_inner_width_none sc_content_align_inherit sc_layouts_column_icons_position_left sc_fly_static\" data-id=\"0657656\" data-element_type=\"column\" data-e-type=\"column\">\n\t\t\t<div class=\"elementor-widget-wrap elementor-element-populated\">\n\t\t\t\t\t\t<div class=\"elementor-element elementor-element-e982ec5 sc_fly_static elementor-widget elementor-widget-text-editor\" data-id=\"e982ec5\" data-element_type=\"widget\" data-e-type=\"widget\" data-widget_type=\"text-editor.default\">\n\t\t\t\t<div class=\"elementor-widget-container\">\n\t\t\t\t\t\t\t\t\t<p>Bu y\u0131lki Bosphorus Boat Show\u2019un Pendik\u2019teki \u00f6nceki ba\u015far\u0131lar\u0131n\u0131n ard\u0131ndan Atak\u00f6y Marina\u2019da yap\u0131lacak olmas\u0131n\u0131n heyecan verici oldu\u011funu vurgulayan ED Fuarc\u0131l\u0131k Kurucu Orta\u011f\u0131 Emel Y\u0131lmaz da, \u201cPendik\u2019te ger\u00e7ekle\u015ftirdi\u011fimiz fuarlarla elde etti\u011fimiz ba\u015far\u0131lar\u0131 Atak\u00f6y\u2019de bir ad\u0131m daha ileriye ta\u015f\u0131yaca\u011f\u0131z. Bu y\u0131l, denizcilik sekt\u00f6r\u00fcn\u00fcn \u00f6nemli isimlerini, d\u00fcnyan\u0131n d\u00f6rt bir yan\u0131ndan gelen kat\u0131l\u0131mc\u0131larla bulu\u015fturaca\u011f\u0131z. Bosphorus Boat Show, sadece yerel de\u011fil, uluslararas\u0131 bir organizasyon haline gelerek sekt\u00f6rdeki b\u00fcy\u00fck rakipleriyle yar\u0131\u015facak. Etkinlik, b\u00f6lgedeki ekonomik geli\u015fmelere katk\u0131 sa\u011flarken, \u0130stanbul\u2019un ve T\u00fcrkiye\u2019nin denizcilik sekt\u00f6r\u00fcndeki prestijini art\u0131racak. Kat\u0131l\u0131mc\u0131lar\u0131m\u0131za d\u00fcnya \u00e7ap\u0131nda tan\u0131nma f\u0131rsat\u0131 sunacak ve sekt\u00f6rdeki yenilikleri k\u00fcresel \u00f6l\u00e7ekte tan\u0131tma imk\u00e2n\u0131 verecektir.\u201d diye konu\u015ftu.<\/p>\t\t\t\t\t\t\t\t<\/div>\n\t\t\t\t<\/div>\n\t\t\t\t\t<\/div>\n\t\t<\/div>\n\t\t\t\t\t<\/div>\n\t\t<\/section>\n\t\t\t\t<section data-particle_enable=\"false\" data-particle-mobile-disabled=\"false\" class=\"elementor-section elementor-top-section elementor-element elementor-element-5b648e8 elementor-section-boxed elementor-section-height-default elementor-section-height-default sc_fly_static\" data-id=\"5b648e8\" data-element_type=\"section\" data-e-type=\"section\">\n\t\t\t\t\t\t<div class=\"elementor-container elementor-column-gap-extended\">\n\t\t\t\t\t<div class=\"elementor-column elementor-col-100 elementor-top-column elementor-element elementor-element-12c6387 sc_inner_width_none sc_content_align_inherit sc_layouts_column_icons_position_left sc_fly_static\" data-id=\"12c6387\" data-element_type=\"column\" data-e-type=\"column\">\n\t\t\t<div class=\"elementor-widget-wrap elementor-element-populated\">\n\t\t\t\t\t\t<div class=\"elementor-element elementor-element-7904b10 sc_height_small sc_fly_static elementor-widget elementor-widget-spacer\" data-id=\"7904b10\" data-element_type=\"widget\" data-e-type=\"widget\" data-widget_type=\"spacer.default\">\n\t\t\t\t<div class=\"elementor-widget-container\">\n\t\t\t\t\t\t\t<div class=\"elementor-spacer\">\n\t\t\t<div class=\"elementor-spacer-inner\"><\/div>\n\t\t<\/div>\n\t\t\t\t\t\t<\/div>\n\t\t\t\t<\/div>\n\t\t\t\t\t<\/div>\n\t\t<\/div>\n\t\t\t\t\t<\/div>\n\t\t<\/section>\n\t\t\t\t<\/div>\n\t\t","protected":false},"excerpt":{"rendered":"<p>300\u2019den fazla tekne 17 &#8211; 25 Ekim 2026 tarihlerinde \u0130stanbul\u2019da g\u00f6r\u00fcc\u00fcye \u00e7\u0131k\u0131yor \u0130stanbul\u2019da \u2018tarihi\u2019 fuar: Y\u00fczlerce tekne denizseverlerle bulu\u015fuyor 17 &#8211; 25 Ekim 2026 tarihlerinde, \u0130stanbul Atak\u00f6y Marina\u2019da d\u00fczenlenecek olan&hellip;<\/p>\n","protected":false},"author":1,"featured_media":0,"parent":0,"menu_order":0,"comment_status":"closed","ping_status":"closed","template":"","meta":{"inline_featured_image":false,"footnotes":""},"class_list":["post-6379","page","type-page","status-publish","hentry"],"_links":{"self":[{"href":"https:\/\/deniz.bosphorusboatshow.com\/tr\/wp-json\/wp\/v2\/pages\/6379","targetHints":{"allow":["GET"]}}],"collection":[{"href":"https:\/\/deniz.bosphorusboatshow.com\/tr\/wp-json\/wp\/v2\/pages"}],"about":[{"href":"https:\/\/deniz.bosphorusboatshow.com\/tr\/wp-json\/wp\/v2\/types\/page"}],"author":[{"embeddable":true,"href":"https:\/\/deniz.bosphorusboatshow.com\/tr\/wp-json\/wp\/v2\/users\/1"}],"replies":[{"embeddable":true,"href":"https:\/\/deniz.bosphorusboatshow.com\/tr\/wp-json\/wp\/v2\/comments?post=6379"}],"version-history":[{"count":25,"href":"https:\/\/deniz.bosphorusboatshow.com\/tr\/wp-json\/wp\/v2\/pages\/6379\/revisions"}],"predecessor-version":[{"id":8392,"href":"https:\/\/deniz.bosphorusboatshow.com\/tr\/wp-json\/wp\/v2\/pages\/6379\/revisions\/8392"}],"wp:attachment":[{"href":"https:\/\/deniz.bosphorusboatshow.com\/tr\/wp-json\/wp\/v2\/media?parent=6379"}],"curies":[{"name":"wp","href":"https:\/\/api.w.org\/{rel}","templated":true}]}}