{"id":8096,"date":"2025-09-08T15:33:55","date_gmt":"2025-09-08T12:33:55","guid":{"rendered":"https:\/\/deniz.bosphorusboatshow.com\/?page_id=8096"},"modified":"2025-09-08T15:48:23","modified_gmt":"2025-09-08T12:48:23","slug":"etiket-sablonlari","status":"publish","type":"page","link":"https:\/\/deniz.bosphorusboatshow.com\/tr\/etiket-sablonlari\/","title":{"rendered":"Etiket \u015eablonlar\u0131"},"content":{"rendered":"\t\t<div data-elementor-type=\"wp-post\" data-elementor-id=\"8096\" class=\"elementor elementor-8096\" data-elementor-post-type=\"page\">\n\t\t\t\t\t\t<section data-particle_enable=\"false\" data-particle-mobile-disabled=\"false\" class=\"elementor-section elementor-top-section elementor-element elementor-element-d6ba234 elementor-section-boxed elementor-section-height-default elementor-section-height-default sc_fly_static\" data-id=\"d6ba234\" data-element_type=\"section\" data-e-type=\"section\">\n\t\t\t\t\t\t<div class=\"elementor-container elementor-column-gap-extended\">\n\t\t\t\t\t<div class=\"elementor-column elementor-col-100 elementor-top-column elementor-element elementor-element-24552e5 sc_inner_width_none sc_content_align_inherit sc_layouts_column_icons_position_left sc_fly_static\" data-id=\"24552e5\" data-element_type=\"column\" data-e-type=\"column\">\n\t\t\t<div class=\"elementor-widget-wrap elementor-element-populated\">\n\t\t\t\t\t\t<div class=\"elementor-element elementor-element-64a3d34 sc_height_large sc_fly_static elementor-widget elementor-widget-spacer\" data-id=\"64a3d34\" data-element_type=\"widget\" data-e-type=\"widget\" data-widget_type=\"spacer.default\">\n\t\t\t\t<div class=\"elementor-widget-container\">\n\t\t\t\t\t\t\t<div class=\"elementor-spacer\">\n\t\t\t<div class=\"elementor-spacer-inner\"><\/div>\n\t\t<\/div>\n\t\t\t\t\t\t<\/div>\n\t\t\t\t<\/div>\n\t\t\t\t\t<\/div>\n\t\t<\/div>\n\t\t\t\t\t<\/div>\n\t\t<\/section>\n\t\t<div data-particle_enable=\"false\" data-particle-mobile-disabled=\"false\" class=\"elementor-element elementor-element-6887206 e-flex e-con-boxed sc_inner_width_none sc_layouts_column_icons_position_left e-con e-parent\" data-id=\"6887206\" data-element_type=\"container\" data-e-type=\"container\">\n\t\t\t\t\t<div class=\"e-con-inner\">\n\t\t\t\t<div class=\"elementor-element elementor-element-109092d sc_fly_static elementor-widget elementor-widget-text-editor\" data-id=\"109092d\" data-element_type=\"widget\" data-e-type=\"widget\" data-widget_type=\"text-editor.default\">\n\t\t\t\t<div class=\"elementor-widget-container\">\n\t\t\t\t\t\t\t\t\t<p style=\"text-align: center;\">Bosphorus Boat Show Deniz Fuar\u0131na ait etiket \u015fablonlar\u0131n\u0131 buradan indirebilirsiniz.<\/p>\t\t\t\t\t\t\t\t<\/div>\n\t\t\t\t<\/div>\n\t\t\t\t\t<\/div>\n\t\t\t\t<\/div>\n\t\t\t\t<section data-particle_enable=\"false\" data-particle-mobile-disabled=\"false\" class=\"elementor-section elementor-top-section elementor-element elementor-element-b927d30 elementor-section-boxed elementor-section-height-default elementor-section-height-default sc_fly_static\" data-id=\"b927d30\" data-element_type=\"section\" data-e-type=\"section\">\n\t\t\t\t\t\t<div class=\"elementor-container elementor-column-gap-extended\">\n\t\t\t\t\t<div class=\"elementor-column elementor-col-33 elementor-top-column elementor-element elementor-element-bd3f28d sc_inner_width_none sc_content_align_inherit sc_layouts_column_icons_position_left sc_fly_static\" data-id=\"bd3f28d\" data-element_type=\"column\" data-e-type=\"column\">\n\t\t\t<div class=\"elementor-widget-wrap elementor-element-populated\">\n\t\t\t\t\t\t<div class=\"elementor-element elementor-element-837e390 sc_fly_static elementor-widget elementor-widget-image\" data-id=\"837e390\" data-element_type=\"widget\" data-e-type=\"widget\" data-widget_type=\"image.default\">\n\t\t\t\t<div class=\"elementor-widget-container\">\n\t\t\t\t\t\t\t\t\t\t\t\t\t\t\t<img fetchpriority=\"high\" decoding=\"async\" width=\"1012\" height=\"1024\" src=\"https:\/\/deniz.bosphorusboatshow.com\/wp-content\/uploads\/sites\/3\/2025\/09\/2025-deniz-fuar-etiket-en-1-1012x1024.jpg\" class=\"attachment-large size-large wp-image-8111\" alt=\"\" srcset=\"https:\/\/deniz.bosphorusboatshow.com\/wp-content\/uploads\/sites\/3\/2025\/09\/2025-deniz-fuar-etiket-en-1-1012x1024.jpg 1012w, https:\/\/deniz.bosphorusboatshow.com\/wp-content\/uploads\/sites\/3\/2025\/09\/2025-deniz-fuar-etiket-en-1-296x300.jpg 296w, https:\/\/deniz.bosphorusboatshow.com\/wp-content\/uploads\/sites\/3\/2025\/09\/2025-deniz-fuar-etiket-en-1-768x777.jpg 768w, https:\/\/deniz.bosphorusboatshow.com\/wp-content\/uploads\/sites\/3\/2025\/09\/2025-deniz-fuar-etiket-en-1-1518x1536.jpg 1518w, https:\/\/deniz.bosphorusboatshow.com\/wp-content\/uploads\/sites\/3\/2025\/09\/2025-deniz-fuar-etiket-en-1-2024x2048.jpg 2024w, https:\/\/deniz.bosphorusboatshow.com\/wp-content\/uploads\/sites\/3\/2025\/09\/2025-deniz-fuar-etiket-en-1-370x374.jpg 370w, https:\/\/deniz.bosphorusboatshow.com\/wp-content\/uploads\/sites\/3\/2025\/09\/2025-deniz-fuar-etiket-en-1-90x90.jpg 90w, https:\/\/deniz.bosphorusboatshow.com\/wp-content\/uploads\/sites\/3\/2025\/09\/2025-deniz-fuar-etiket-en-1-760x769.jpg 760w\" sizes=\"(max-width: 1012px) 100vw, 1012px\" \/>\t\t\t\t\t\t\t\t\t\t\t\t\t\t\t<\/div>\n\t\t\t\t<\/div>\n\t\t\t\t<div class=\"elementor-element elementor-element-acfee52 elementor-widget-divider--view-line sc_fly_static elementor-widget elementor-widget-divider\" data-id=\"acfee52\" data-element_type=\"widget\" data-e-type=\"widget\" data-widget_type=\"divider.default\">\n\t\t\t\t<div class=\"elementor-widget-container\">\n\t\t\t\t\t\t\t<div class=\"elementor-divider\">\n\t\t\t<span class=\"elementor-divider-separator\">\n\t\t\t\t\t\t<\/span>\n\t\t<\/div>\n\t\t\t\t\t\t<\/div>\n\t\t\t\t<\/div>\n\t\t\t\t<div class=\"elementor-element elementor-element-03684c5 sc_fly_static elementor-widget elementor-widget-trx_sc_button\" data-id=\"03684c5\" data-element_type=\"widget\" data-e-type=\"widget\" data-widget_type=\"trx_sc_button.default\">\n\t\t\t\t<div class=\"elementor-widget-container\">\n\t\t\t\t\t<div\tclass=\"sc_item_button sc_button_wrap sc_align_center\"><a href=\"http:\/\/deniz.bosphorusboatshow.com\/wp-content\/uploads\/sites\/3\/2025\/09\/2025-deniz-fuar-etiket-en-1.jpg\" class=\"sc_button sc_button_default sc_button_size_small sc_button_icon_left\" target=\"_blank\"><span class=\"sc_button_text\"><span class=\"sc_button_title\">\u0130ndir<\/span><\/span><\/a><\/div>\t\t\t\t<\/div>\n\t\t\t\t<\/div>\n\t\t\t\t\t<\/div>\n\t\t<\/div>\n\t\t\t\t<div class=\"elementor-column elementor-col-33 elementor-top-column elementor-element elementor-element-e221769 sc_inner_width_none sc_content_align_inherit sc_layouts_column_icons_position_left sc_fly_static\" data-id=\"e221769\" data-element_type=\"column\" data-e-type=\"column\">\n\t\t\t<div class=\"elementor-widget-wrap\">\n\t\t\t\t\t\t\t<\/div>\n\t\t<\/div>\n\t\t\t\t<div class=\"elementor-column elementor-col-33 elementor-top-column elementor-element elementor-element-af757c9 sc_inner_width_none sc_content_align_inherit sc_layouts_column_icons_position_left sc_fly_static\" data-id=\"af757c9\" data-element_type=\"column\" data-e-type=\"column\">\n\t\t\t<div class=\"elementor-widget-wrap\">\n\t\t\t\t\t\t\t<\/div>\n\t\t<\/div>\n\t\t\t\t\t<\/div>\n\t\t<\/section>\n\t\t\t\t<section data-particle_enable=\"false\" data-particle-mobile-disabled=\"false\" class=\"elementor-section elementor-top-section elementor-element elementor-element-aaf8c2f elementor-section-boxed elementor-section-height-default elementor-section-height-default sc_fly_static\" data-id=\"aaf8c2f\" data-element_type=\"section\" data-e-type=\"section\">\n\t\t\t\t\t\t<div class=\"elementor-container elementor-column-gap-extended\">\n\t\t\t\t\t<div class=\"elementor-column elementor-col-100 elementor-top-column elementor-element elementor-element-506bbcb sc_inner_width_none sc_content_align_inherit sc_layouts_column_icons_position_left sc_fly_static\" data-id=\"506bbcb\" data-element_type=\"column\" data-e-type=\"column\">\n\t\t\t<div class=\"elementor-widget-wrap elementor-element-populated\">\n\t\t\t\t\t\t<div class=\"elementor-element elementor-element-60e3b10 sc_height_large sc_fly_static elementor-widget elementor-widget-spacer\" data-id=\"60e3b10\" data-element_type=\"widget\" data-e-type=\"widget\" data-widget_type=\"spacer.default\">\n\t\t\t\t<div class=\"elementor-widget-container\">\n\t\t\t\t\t\t\t<div class=\"elementor-spacer\">\n\t\t\t<div class=\"elementor-spacer-inner\"><\/div>\n\t\t<\/div>\n\t\t\t\t\t\t<\/div>\n\t\t\t\t<\/div>\n\t\t\t\t\t<\/div>\n\t\t<\/div>\n\t\t\t\t\t<\/div>\n\t\t<\/section>\n\t\t\t\t<\/div>\n\t\t","protected":false},"excerpt":{"rendered":"<p>Bosphorus Boat Show Deniz Fuar\u0131na ait etiket \u015fablonlar\u0131n\u0131 buradan indirebilirsiniz. \u0130ndir<\/p>\n","protected":false},"author":1,"featured_media":0,"parent":0,"menu_order":0,"comment_status":"closed","ping_status":"closed","template":"","meta":{"inline_featured_image":false,"footnotes":""},"class_list":["post-8096","page","type-page","status-publish","hentry"],"_links":{"self":[{"href":"https:\/\/deniz.bosphorusboatshow.com\/tr\/wp-json\/wp\/v2\/pages\/8096","targetHints":{"allow":["GET"]}}],"collection":[{"href":"https:\/\/deniz.bosphorusboatshow.com\/tr\/wp-json\/wp\/v2\/pages"}],"about":[{"href":"https:\/\/deniz.bosphorusboatshow.com\/tr\/wp-json\/wp\/v2\/types\/page"}],"author":[{"embeddable":true,"href":"https:\/\/deniz.bosphorusboatshow.com\/tr\/wp-json\/wp\/v2\/users\/1"}],"replies":[{"embeddable":true,"href":"https:\/\/deniz.bosphorusboatshow.com\/tr\/wp-json\/wp\/v2\/comments?post=8096"}],"version-history":[{"count":10,"href":"https:\/\/deniz.bosphorusboatshow.com\/tr\/wp-json\/wp\/v2\/pages\/8096\/revisions"}],"predecessor-version":[{"id":8130,"href":"https:\/\/deniz.bosphorusboatshow.com\/tr\/wp-json\/wp\/v2\/pages\/8096\/revisions\/8130"}],"wp:attachment":[{"href":"https:\/\/deniz.bosphorusboatshow.com\/tr\/wp-json\/wp\/v2\/media?parent=8096"}],"curies":[{"name":"wp","href":"https:\/\/api.w.org\/{rel}","templated":true}]}}